{"id":947,"date":"2023-11-20T10:14:25","date_gmt":"2023-11-20T10:14:25","guid":{"rendered":"https:\/\/earplugz.com\/?page_id=947"},"modified":"2023-11-28T15:00:50","modified_gmt":"2023-11-28T15:00:50","slug":"verkoop","status":"publish","type":"page","link":"https:\/\/earplugz.com\/et\/kursused\/muuk\/","title":{"rendered":"Verkoop"},"content":{"rendered":"<section class=\"bde-section-947-100 bde-section\">\n  \n\t\n\n\n\n<div class=\"section-container\"><div class=\"bde-columns-947-101 bde-columns\"><div class=\"bde-column-947-104 bde-column\">\n  \n\t\n\n\n\n<h1 class=\"bde-heading-947-105 bde-heading\">\nKohandatud k\u00f5rvaklappide teooria ja m\u00fc\u00fcgiv\u00f5imalused: P\u00f5hjalik kursus\n<\/h1>\n<\/div><\/div><\/div>\n<\/section><section class=\"bde-section-947-106 bde-section\">\n  \n\t\n\n\n\n<div class=\"section-container\"><div class=\"bde-columns-947-107 bde-columns\"><div class=\"bde-column-947-110 bde-column\">\n  \n\t\n\n\n\n<h6 class=\"bde-heading-947-111 bde-heading\">\nkohta\n<\/h6><div class=\"bde-text-947-112 bde-text\">\nAvastage meie p\u00f5hjaliku ja interaktiivse kursuse abil kohandatud k\u00f5rvaklappide maailm ja strateegiad nende edukaks turustamiseks. Olenemata sellest, kas olete audioloog, kuulmiskaitse ettev\u00f5tja v\u00f5i lihtsalt huvitatud sellest kasvavast valdkonnast, annab see kursus olulised teoreetilised teadmised ja praktilise \u00fclevaate.\n<\/div><div class=\"bde-columns-947-113 bde-columns\"><div class=\"bde-column-947-114 bde-column\">\n  \n\t\n\n\n\n<h1 class=\"bde-heading-947-115 bde-heading\">\nMida on oodata?\n<\/h1>\n<\/div><\/div>\n<\/div><\/div><\/div>\n<\/section><section class=\"bde-section-947-116 bde-section\">\n  \n\t\n\n\n\n<div class=\"section-container\"><div class=\"bde-columns-947-117 bde-columns\"><div class=\"bde-column-947-118 bde-column ver-div div-ver\">\n  \n\t\n\n\n\n<div class=\"bde-columns-947-120 bde-columns\"><div class=\"bde-column-947-121 bde-column\">\n  \n\t\n\n\n\n<div class=\"bde-image-box-947-122 bde-image-box\">\n<div class=\"ee-imagebox-image\">\n        \n  \n  \n  \n  \n      \n      <img loading=\"lazy\" decoding=\"async\"\n      class=\"breakdance-image-object\"\n      src=\"https:\/\/earplugz.com\/wp-content\/uploads\/2023\/11\/01-57-47.png\"\n      width=\"52\"\n      height=\"47\"\n      \n      \n                                      >\n  \n<\/div>\n<div class=\"ee-imagebox-content\">\n      <h3 class=\"ee-imagebox-title\" >P\u00f5hjalik teoreetiline \u00fclevaade<\/h3>\n    \n      <div class=\"ee-imagebox-text\" >Meie kursus algab p\u00f5hjaliku arusaamisega k\u00f5rva anatoomiast, kuulmislangusest ja erinevatest erit\u00fc\u00fcpi k\u00f5rvaklappidest. Me k\u00e4sitleme nende lahenduste loomisega seotud materjale, tootmisprotsesse ja tehnoloogiaid.<\/div>\n    \n  <\/div>\n\n<\/div>\n<\/div><div class=\"bde-column-947-123 bde-column\">\n  \n\t\n\n\n\n<div class=\"bde-image-947-124 bde-image\">\n  \n\n\n\n\n\n<figure class=\"breakdance-image breakdance-image--1068\">\n\t<div class=\"breakdance-image-container\">\n\t\t<div class=\"breakdance-image-clip\">\n\t\t\t\n\t\t\t\t\n\t\t\t\t\t      \n  \n  \n  \n  \n      \n      <img loading=\"lazy\" decoding=\"async\"\n      class=\"breakdance-image-object\"\n      src=\"https:\/\/earplugz.com\/wp-content\/uploads\/2023\/11\/verkoop-2.jpg\"\n      width=\"830\"\n      height=\"350\"\n      \n      \n                                    srcset=\"https:\/\/earplugz.com\/wp-content\/uploads\/2023\/11\/verkoop-2.jpg 830w, https:\/\/earplugz.com\/wp-content\/uploads\/2023\/11\/verkoop-2-300x127.jpg 300w, https:\/\/earplugz.com\/wp-content\/uploads\/2023\/11\/verkoop-2-768x324.jpg 768w, https:\/\/earplugz.com\/wp-content\/uploads\/2023\/11\/verkoop-2-18x8.jpg 18w, https:\/\/earplugz.com\/wp-content\/uploads\/2023\/11\/verkoop-2-600x253.jpg 600w\"\n                                                                      >\n  \n\n\t\t\t\t\t\n\t\t\t\t\t\t<\/div>\n\t<\/div>\n\n\t<\/figure>\n\n<\/div>\n<\/div><\/div><div class=\"bde-columns-947-125 bde-columns\"><div class=\"bde-column-947-126 bde-column\">\n  \n\t\n\n\n\n<div class=\"bde-image-box-947-127 bde-image-box\">\n<div class=\"ee-imagebox-image\">\n        \n  \n  \n  \n  \n      \n      <img loading=\"lazy\" decoding=\"async\"\n      class=\"breakdance-image-object\"\n      src=\"https:\/\/earplugz.com\/wp-content\/uploads\/2023\/11\/02.png\"\n      width=\"72\"\n      height=\"48\"\n      \n      \n                                                                  >\n  \n<\/div>\n<div class=\"ee-imagebox-content\">\n      <h3 class=\"ee-imagebox-title\" >M\u00fc\u00fcgistrateegiad ja turu-uuringud:<\/h3>\n    \n      <div class=\"ee-imagebox-text\" >Avastage, kuidas edukalt positsioneerida ja turustada eritellimusel p\u00f5hinevaid k\u00f5rvaklappe. \u00d5ppige, kuidas teha kindlaks sihtr\u00fchmad, m\u00e4\u00e4rata hinnastrateegiaid ning luua t\u00f5husaid turundus- ja m\u00fc\u00fcgikanaleid.<\/div>\n    \n  <\/div>\n\n<\/div>\n<\/div><div class=\"bde-column-947-128 bde-column\">\n  \n\t\n\n\n\n<div class=\"bde-image-947-129 bde-image\">\n  \n\n\n\n\n\n<figure class=\"breakdance-image breakdance-image--1069\">\n\t<div class=\"breakdance-image-container\">\n\t\t<div class=\"breakdance-image-clip\">\n\t\t\t\n\t\t\t\t\n\t\t\t\t\t      \n  \n  \n  \n  \n      \n      <img loading=\"lazy\" decoding=\"async\"\n      class=\"breakdance-image-object\"\n      src=\"https:\/\/earplugz.com\/wp-content\/uploads\/2023\/11\/verkoop-1.jpg\"\n      width=\"830\"\n      height=\"350\"\n      \n      \n                                    srcset=\"https:\/\/earplugz.com\/wp-content\/uploads\/2023\/11\/verkoop-1.jpg 830w, https:\/\/earplugz.com\/wp-content\/uploads\/2023\/11\/verkoop-1-300x127.jpg 300w, https:\/\/earplugz.com\/wp-content\/uploads\/2023\/11\/verkoop-1-768x324.jpg 768w, https:\/\/earplugz.com\/wp-content\/uploads\/2023\/11\/verkoop-1-18x8.jpg 18w, https:\/\/earplugz.com\/wp-content\/uploads\/2023\/11\/verkoop-1-600x253.jpg 600w\"\n                                                                      >\n  \n\n\t\t\t\t\t\n\t\t\t\t\t\t<\/div>\n\t<\/div>\n\n\t<\/figure>\n\n<\/div>\n<\/div><\/div><div class=\"bde-columns-947-130 bde-columns\"><div class=\"bde-column-947-131 bde-column\">\n  \n\t\n\n\n\n<div class=\"bde-image-box-947-132 bde-image-box\">\n<div class=\"ee-imagebox-image\">\n        \n  \n  \n  \n  \n      \n      <img loading=\"lazy\" decoding=\"async\"\n      class=\"breakdance-image-object\"\n      src=\"https:\/\/earplugz.com\/wp-content\/uploads\/2023\/11\/03.png\"\n      width=\"71\"\n      height=\"49\"\n      \n      \n                                                                  >\n  \n<\/div>\n<div class=\"ee-imagebox-content\">\n      <h3 class=\"ee-imagebox-title\" >Kvaliteedi tagamine<\/h3>\n    \n      <div class=\"ee-imagebox-text\" >\u00d5ppige, kuidas tagada eritellimusel valmistatud k\u00f5rvaklappide kvaliteet, sealhulgas sobivus ja kuulmiskaitse. Avastage parimad tavad m\u00f5\u00f5tmiseks, sobitamiseks ja iga kliendi ainulaadsetele vajadustele kohandamiseks.<\/div>\n    \n  <\/div>\n\n<\/div>\n<\/div><div class=\"bde-column-947-133 bde-column\">\n  \n\t\n\n\n\n<div class=\"bde-image-947-134 bde-image\">\n  \n\n\n\n\n\n<figure class=\"breakdance-image breakdance-image--955\">\n\t<div class=\"breakdance-image-container\">\n\t\t<div class=\"breakdance-image-clip\">\n\t\t\t\n\t\t\t\t\n\t\t\t\t\t      \n  \n  \n  \n  \n      \n      <img loading=\"lazy\" decoding=\"async\"\n      class=\"breakdance-image-object\"\n      src=\"https:\/\/earplugz.com\/wp-content\/uploads\/2023\/11\/img-2-2.png\"\n      width=\"890\"\n      height=\"350\"\n      \n      \n                                    srcset=\"https:\/\/earplugz.com\/wp-content\/uploads\/2023\/11\/img-2-2.png 890w, https:\/\/earplugz.com\/wp-content\/uploads\/2023\/11\/img-2-2-300x118.png 300w, https:\/\/earplugz.com\/wp-content\/uploads\/2023\/11\/img-2-2-768x302.png 768w, https:\/\/earplugz.com\/wp-content\/uploads\/2023\/11\/img-2-2-18x7.png 18w, https:\/\/earplugz.com\/wp-content\/uploads\/2023\/11\/img-2-2-600x236.png 600w\"\n                                                                      >\n  \n\n\t\t\t\t\t\n\t\t\t\t\t\t<\/div>\n\t<\/div>\n\n\t<\/figure>\n\n<\/div>\n<\/div><\/div>\n<\/div><\/div><\/div>\n<\/section><section class=\"bde-section-947-136 bde-section box-div div-box\">\n  \n\t\n\n\n\n<div class=\"section-container\"><h1 class=\"bde-heading-947-137 bde-heading\">\nMiks valida meie kursus?\n<\/h1><div class=\"bde-columns-947-138 bde-columns\"><div class=\"bde-column-947-139 bde-column\">\n  \n\t\n\n\n\n<div class=\"bde-image-box-947-140 bde-image-box\">\n<div class=\"ee-imagebox-image\">\n        \n  \n  \n  \n  \n      \n      <img loading=\"lazy\" decoding=\"async\"\n      class=\"breakdance-image-object\"\n      src=\"https:\/\/earplugz.com\/wp-content\/uploads\/2023\/11\/Group-1.png\"\n      width=\"60\"\n      height=\"60\"\n      \n      \n                                    srcset=\"https:\/\/earplugz.com\/wp-content\/uploads\/2023\/11\/Group-1.png 60w, https:\/\/earplugz.com\/wp-content\/uploads\/2023\/11\/Group-1-50x50.png 50w\"\n                                                                      >\n  \n<\/div>\n<div class=\"ee-imagebox-content\">\n      <h3 class=\"ee-imagebox-title\" >Ekspertinstruktorid<\/h3>\n    \n      <div class=\"ee-imagebox-text\" >Meie koolitajatel on aastatepikkune kogemus audioloogias ja nad soovivad oma teadmisi teiega jagada.<\/div>\n    \n  <\/div>\n\n<\/div>\n<\/div><div class=\"bde-column-947-141 bde-column\">\n  \n\t\n\n\n\n<div class=\"bde-image-box-947-142 bde-image-box\">\n<div class=\"ee-imagebox-image\">\n        \n  \n  \n  \n  \n      \n      <img loading=\"lazy\" decoding=\"async\"\n      class=\"breakdance-image-object\"\n      src=\"https:\/\/earplugz.com\/wp-content\/uploads\/2023\/11\/Arhive.png\"\n      width=\"60\"\n      height=\"60\"\n      \n      \n                                    srcset=\"https:\/\/earplugz.com\/wp-content\/uploads\/2023\/11\/Arhive.png 60w, https:\/\/earplugz.com\/wp-content\/uploads\/2023\/11\/Arhive-12x12.png 12w, https:\/\/earplugz.com\/wp-content\/uploads\/2023\/11\/Arhive-50x50.png 50w\"\n                                                                      >\n  \n<\/div>\n<div class=\"ee-imagebox-content\">\n      <h3 class=\"ee-imagebox-title\" >Praktiline l\u00e4henemine<\/h3>\n    \n      <div class=\"ee-imagebox-text\" >Kombineerime teooria praktiliste harjutuste, juhtumiuuringute ja \u00e4risimulatsioonidega, et valmistada teid ette reaalseks turuks.<\/div>\n    \n  <\/div>\n\n<\/div>\n<\/div><div class=\"bde-column-947-143 bde-column\">\n  \n\t\n\n\n\n<div class=\"bde-image-box-947-144 bde-image-box\">\n<div class=\"ee-imagebox-image\">\n        \n  \n  \n  \n  \n      \n      <img loading=\"lazy\" decoding=\"async\"\n      class=\"breakdance-image-object\"\n      src=\"https:\/\/earplugz.com\/wp-content\/uploads\/2023\/11\/icon-1-1.png\"\n      width=\"60\"\n      height=\"60\"\n      \n      \n                                    srcset=\"https:\/\/earplugz.com\/wp-content\/uploads\/2023\/11\/icon-1-1.png 60w, https:\/\/earplugz.com\/wp-content\/uploads\/2023\/11\/icon-1-1-50x50.png 50w\"\n                                                                      >\n  \n<\/div>\n<div class=\"ee-imagebox-content\">\n      <h3 class=\"ee-imagebox-title\" >Sertifitseerimine<\/h3>\n    \n      <div class=\"ee-imagebox-text\" >P\u00e4rast kursuse edukat l\u00f5petamist saate tunnistuse, mis kinnitab teie teadmisi otoplastika muljete tegemisel.<\/div>\n    \n  <\/div>\n\n<\/div>\n<\/div><div class=\"bde-column-947-145 bde-column\">\n  \n\t\n\n\n\n<div class=\"bde-image-box-947-146 bde-image-box\">\n<div class=\"ee-imagebox-image\">\n        \n  \n  \n  \n  \n      \n      <img loading=\"lazy\" decoding=\"async\"\n      class=\"breakdance-image-object\"\n      src=\"https:\/\/earplugz.com\/wp-content\/uploads\/2023\/11\/Clock.png\"\n      width=\"60\"\n      height=\"60\"\n      \n      \n                                    srcset=\"https:\/\/earplugz.com\/wp-content\/uploads\/2023\/11\/Clock.png 60w, https:\/\/earplugz.com\/wp-content\/uploads\/2023\/11\/Clock-12x12.png 12w, https:\/\/earplugz.com\/wp-content\/uploads\/2023\/11\/Clock-50x50.png 50w\"\n                                                                      >\n  \n<\/div>\n<div class=\"ee-imagebox-content\">\n      <h3 class=\"ee-imagebox-title\" >Tulevikku suunatud<\/h3>\n    \n      <div class=\"ee-imagebox-text\" >Olge kursis t\u00f6\u00f6stuse viimaste suundumuste ja uuendustega ning \u00f5ppige, kuidas kohandada kohandatud k\u00f5rvaklappe klientide pidevalt muutuvatele vajadustele.<\/div>\n    \n  <\/div>\n\n<\/div>\n<\/div><\/div><\/div>\n<\/section><section class=\"bde-section-947-148 bde-section\">\n  \n\t\n\n\n\n<div class=\"section-container\"><h1 class=\"bde-heading-947-149 bde-heading\">\nAidake pakkuda inimestele kuulmiskaitset, mis vastab nende ainulaadsetele vajadustele, olles samal ajal edukas \u00e4ritegevuses.\n<\/h1><div class=\"bde-text-947-150 bde-text\">\nRegistreeruge n\u00fc\u00fcd tellimuslike k\u00f5rvaklappide teooria- ja m\u00fc\u00fcgiv\u00f5imaluste kursusele ja muutke oma kirg kuulmiskaitse vastu kasumlikuks \u00e4riks.\n<\/div><div class=\"bde-columns-947-151 bde-columns\"><div class=\"bde-column-947-152 bde-column\">\n  \n\t\n\n\n\n<div class=\"bde-button-947-153 bde-button button-product-cont header-top-button\">\n    \n                                    \n    \n    \n    \n    \n            \n                    \n            \n            \n\n    \n    \n    \n    \n    <a class=\"breakdance-link button-atom button-atom--primary bde-button__button\" href=\"https:\/\/earplugz.com\/et\/kontakt\/\" target=\"_self\" data-type=\"url\"  >\n\n    \n        <span class=\"button-atom__text\">V\u00f5tke \u00fchendust<\/span>\n\n        \n        \n                <\/a>\n\n    \n\n\n<\/div>\n<\/div><\/div><\/div>\n<\/section><section class=\"bde-section-947-164 bde-section\">\n  \n\t\n\n\n\n<div class=\"section-container\"><div class=\"bde-columns-947-165 bde-columns image-div div-image\"><div class=\"bde-column-947-166 bde-column\">\n  \n\t\n\n\n\n<div class=\"bde-image-947-157 bde-image\">\n  \n\n\n\n\n\n<figure class=\"breakdance-image breakdance-image--1009\">\n\t<div class=\"breakdance-image-container\">\n\t\t<div class=\"breakdance-image-clip\">\n\t\t\t\n\t\t\t\t\n\t\t\t\t\t      \n  \n  \n  \n  \n      \n      <img loading=\"lazy\" decoding=\"async\"\n      class=\"breakdance-image-object\"\n      src=\"https:\/\/earplugz.com\/wp-content\/uploads\/2023\/11\/egle.jpg\"\n      width=\"440\"\n      height=\"400\"\n      \n      \n                                    srcset=\"https:\/\/earplugz.com\/wp-content\/uploads\/2023\/11\/egle.jpg 440w, https:\/\/earplugz.com\/wp-content\/uploads\/2023\/11\/egle-300x273.jpg 300w, https:\/\/earplugz.com\/wp-content\/uploads\/2023\/11\/egle-13x12.jpg 13w\"\n                                                                      >\n  \n\n\t\t\t\t\t\n\t\t\t\t\t\t<\/div>\n\t<\/div>\n\n\t<\/figure>\n\n<\/div>\n<\/div><div class=\"bde-column-947-167 bde-column\">\n  \n\t\n\n\n\n<div class=\"bde-image-947-159 bde-image\">\n  \n\n\n\n\n\n<figure class=\"breakdance-image breakdance-image--1010\">\n\t<div class=\"breakdance-image-container\">\n\t\t<div class=\"breakdance-image-clip\">\n\t\t\t\n\t\t\t\t\n\t\t\t\t\t      \n  \n  \n  \n  \n      \n      <img loading=\"lazy\" decoding=\"async\"\n      class=\"breakdance-image-object\"\n      src=\"https:\/\/earplugz.com\/wp-content\/uploads\/2023\/11\/hard.jpg\"\n      width=\"440\"\n      height=\"400\"\n      \n      \n                                    srcset=\"https:\/\/earplugz.com\/wp-content\/uploads\/2023\/11\/hard.jpg 440w, https:\/\/earplugz.com\/wp-content\/uploads\/2023\/11\/hard-300x273.jpg 300w, https:\/\/earplugz.com\/wp-content\/uploads\/2023\/11\/hard-13x12.jpg 13w\"\n                                                                      >\n  \n\n\t\t\t\t\t\n\t\t\t\t\t\t<\/div>\n\t<\/div>\n\n\t<\/figure>\n\n<\/div>\n<\/div><div class=\"bde-column-947-168 bde-column\">\n  \n\t\n\n\n\n<div class=\"bde-image-947-161 bde-image\">\n  \n\n\n\n\n\n<figure class=\"breakdance-image breakdance-image--766\">\n\t<div class=\"breakdance-image-container\">\n\t\t<div class=\"breakdance-image-clip\">\n\t\t\t\n\t\t\t\t\n\t\t\t\t\t      \n  \n  \n  \n  \n      \n      <img loading=\"lazy\" decoding=\"async\"\n      class=\"breakdance-image-object\"\n      src=\"https:\/\/earplugz.com\/wp-content\/uploads\/2023\/11\/3.png\"\n      width=\"435\"\n      height=\"400\"\n      \n      \n                                    srcset=\"https:\/\/earplugz.com\/wp-content\/uploads\/2023\/11\/3.png 435w, https:\/\/earplugz.com\/wp-content\/uploads\/2023\/11\/3-300x276.png 300w\"\n                                                                      >\n  \n\n\t\t\t\t\t\n\t\t\t\t\t\t<\/div>\n\t<\/div>\n\n\t<\/figure>\n\n<\/div>\n<\/div><div class=\"bde-column-947-169 bde-column\">\n  \n\t\n\n\n\n<div class=\"bde-image-947-163 bde-image\">\n  \n\n\n\n\n\n<figure class=\"breakdance-image breakdance-image--1008\">\n\t<div class=\"breakdance-image-container\">\n\t\t<div class=\"breakdance-image-clip\">\n\t\t\t\n\t\t\t\t\n\t\t\t\t\t      \n  \n  \n  \n  \n      \n      <img loading=\"lazy\" decoding=\"async\"\n      class=\"breakdance-image-object\"\n      src=\"https:\/\/earplugz.com\/wp-content\/uploads\/2023\/11\/sleeves-1.jpg\"\n      width=\"440\"\n      height=\"400\"\n      \n      \n                                    srcset=\"https:\/\/earplugz.com\/wp-content\/uploads\/2023\/11\/sleeves-1.jpg 440w, https:\/\/earplugz.com\/wp-content\/uploads\/2023\/11\/sleeves-1-300x273.jpg 300w, https:\/\/earplugz.com\/wp-content\/uploads\/2023\/11\/sleeves-1-13x12.jpg 13w\"\n                                                                      >\n  \n\n\t\t\t\t\t\n\t\t\t\t\t\t<\/div>\n\t<\/div>\n\n\t<\/figure>\n\n<\/div>\n<\/div><\/div><\/div>\n<\/section>","protected":false},"excerpt":{"rendered":"<p>Theorie en Verkoopopties voor Op Maat Gemaakte Oordoppen: Een Diepgaande Cursus about Ontdek de wereld van op maat gemaakte oordoppen en de strategie\u00ebn om ze succesvol op de markt te brengen met onze uitgebreide en interactieve cursus. Of je nu een audicien, ondernemer in gehoorbescherming, of gewoon ge\u00efnteresseerd bent in dit groeiende vakgebied, deze cursus [&hellip;]<\/p>","protected":false},"author":1,"featured_media":0,"parent":717,"menu_order":0,"comment_status":"closed","ping_status":"closed","template":"","meta":{"_breakdance_hide_in_design_set":false,"_breakdance_tags":"","footnotes":""},"class_list":["post-947","page","type-page","status-publish","hentry"],"_links":{"self":[{"href":"https:\/\/earplugz.com\/et\/wp-json\/wp\/v2\/pages\/947","targetHints":{"allow":["GET"]}}],"collection":[{"href":"https:\/\/earplugz.com\/et\/wp-json\/wp\/v2\/pages"}],"about":[{"href":"https:\/\/earplugz.com\/et\/wp-json\/wp\/v2\/types\/page"}],"author":[{"embeddable":true,"href":"https:\/\/earplugz.com\/et\/wp-json\/wp\/v2\/users\/1"}],"replies":[{"embeddable":true,"href":"https:\/\/earplugz.com\/et\/wp-json\/wp\/v2\/comments?post=947"}],"version-history":[{"count":4,"href":"https:\/\/earplugz.com\/et\/wp-json\/wp\/v2\/pages\/947\/revisions"}],"predecessor-version":[{"id":1168,"href":"https:\/\/earplugz.com\/et\/wp-json\/wp\/v2\/pages\/947\/revisions\/1168"}],"up":[{"embeddable":true,"href":"https:\/\/earplugz.com\/et\/wp-json\/wp\/v2\/pages\/717"}],"wp:attachment":[{"href":"https:\/\/earplugz.com\/et\/wp-json\/wp\/v2\/media?parent=947"}],"curies":[{"name":"wp","href":"https:\/\/api.w.org\/{rel}","templated":true}]}}