{"id":17,"date":"2023-10-12T09:54:25","date_gmt":"2023-10-12T09:54:25","guid":{"rendered":"https:\/\/earplugz.com\/?page_id=17"},"modified":"2026-04-27T07:53:40","modified_gmt":"2026-04-27T07:53:40","slug":"home","status":"publish","type":"page","link":"https:\/\/earplugz.com\/et\/","title":{"rendered":"Kodu"},"content":{"rendered":"<section class=\"bde-section-17-117 bde-section\">\n  \n\t\n\n\n\n<div class=\"section-container\"><div class=\"bde-columns-17-119 bde-columns\"><div class=\"bde-column-17-120 bde-column\">\n  \n\t\n\n\n\n<h1 class=\"bde-heading-17-280 bde-heading\">\nCUSTOM-MADE <br>KUULMISKAITSE \n<\/h1><div class=\"bde-text-17-278 bde-text\">\nMeie eesm\u00e4rk on teha kohandatud k\u00f5rvaklapid k\u00f5igile k\u00e4ttesaadavaks.\n<\/div><div class=\"bde-button-17-279 bde-button button-product-cont top-banner-btn\">\n    \n                                    \n    \n    \n    \n    \n            \n                    \n            \n            \n\n    \n    \n    \n    \n    <a class=\"breakdance-link button-atom button-atom--custom bde-button__button\" href=\"https:\/\/earplugz.com\/et\/kontakt\/\" target=\"_self\" data-type=\"url\"  >\n\n    \n        <span class=\"button-atom__text\">V\u00f5tke \u00fchendust<\/span>\n\n        \n        \n                <\/a>\n\n    \n\n\n<\/div>\n<\/div><\/div><\/div>\n<\/section><section class=\"bde-section-17-151 bde-section\">\n  \n\t\n\n\n\n<div class=\"section-container\"><div class=\"bde-columns-17-125 bde-columns\"><div class=\"bde-column-17-126 bde-column\">\n  \n\t\n\n\n\n<h6 class=\"bde-heading-17-127 bde-heading\">\nVisioon\n<\/h6><div class=\"bde-text-17-128 bde-text\">\nMEIE K\u00d5RVAKLAPID EI PAKU MITTE AINULT KAITSET KUULMISKAHJUSTUSTE EEST, VAID TAGAVAD KA OPTIMAALSE SOBIVUSE.\n<\/div>\n<\/div><\/div><\/div>\n<\/section><section class=\"bde-section-17-298 bde-section\">\n  \n\t\n\n\n\n<div class=\"section-container\"><div class=\"bde-columns-17-299 bde-columns\"><div class=\"bde-column-17-300 bde-column\">\n  \n\t\n\n\n\n<h1 class=\"bde-heading-17-302 bde-heading\">\nActuele productie tijden in werkdagen\n<\/h1>\n<\/div><div class=\"bde-column-17-301 bde-column\">\n  \n\t\n\n\n\n<div class=\"bde-grid-17-303 bde-grid\">\n  \n\t\n\n\n\n<div class=\"bde-div-17-304 bde-div\">\n  \n\t\n\n\n\n<div class=\"bde-columns-17-307 bde-columns\"><div class=\"bde-column-17-308 bde-column\">\n  \n\t\n\n\n\n<div class=\"bde-simple-counter-17-310 bde-simple-counter\">\n<div class=\"bde-simple-counter__wrapper\">\n  <h6 class=\"bde-simple-counter__number\">\n    <span class=\"bde-simple-counter__prefix\"><\/span>\n    <span class=\"bde-simple-counter__digit js-digit\"><\/span>\n    <span class=\"bde-simple-counter__suffix\"><\/span>\n  <\/h6>\n  <\/div>\n\n<\/div>\n<\/div><div class=\"bde-column-17-309 bde-column\">\n  \n\t\n\n\n\n<div class=\"bde-text-17-311 bde-text\">\nTootmisp\u00e4evade k\u00f5rvaklapid\n<\/div>\n<\/div><\/div>\n<\/div><div class=\"bde-div-17-318 bde-div\">\n  \n\t\n\n\n\n<div class=\"bde-columns-17-319 bde-columns\"><div class=\"bde-column-17-320 bde-column\">\n  \n\t\n\n\n\n<div class=\"bde-simple-counter-17-321 bde-simple-counter\">\n<div class=\"bde-simple-counter__wrapper\">\n  <h6 class=\"bde-simple-counter__number\">\n    <span class=\"bde-simple-counter__prefix\"><\/span>\n    <span class=\"bde-simple-counter__digit js-digit\"><\/span>\n    <span class=\"bde-simple-counter__suffix\"><\/span>\n  <\/h6>\n  <\/div>\n\n<\/div>\n<\/div><div class=\"bde-column-17-322 bde-column\">\n  \n\t\n\n\n\n<div class=\"bde-text-17-323 bde-text\">\nTootmisp\u00e4evade k\u00f5rvaklappide h\u00e4daolukord\n<\/div>\n<\/div><\/div>\n<\/div><div class=\"bde-div-17-312 bde-div\">\n  \n\t\n\n\n\n<div class=\"bde-columns-17-313 bde-columns\"><div class=\"bde-column-17-314 bde-column\">\n  \n\t\n\n\n\n<div class=\"bde-simple-counter-17-315 bde-simple-counter\">\n<div class=\"bde-simple-counter__wrapper\">\n  <h6 class=\"bde-simple-counter__number\">\n    <span class=\"bde-simple-counter__prefix\"><\/span>\n    <span class=\"bde-simple-counter__digit js-digit\"><\/span>\n    <span class=\"bde-simple-counter__suffix\"><\/span>\n  <\/h6>\n  <\/div>\n\n<\/div>\n<\/div><div class=\"bde-column-17-316 bde-column\">\n  \n\t\n\n\n\n<div class=\"bde-text-17-317 bde-text\">\nTootmisp\u00e4evad in-ears\n<\/div>\n<\/div><\/div>\n<\/div>\n<\/div>\n<\/div><\/div><\/div>\n<\/section><section class=\"bde-section-17-130 bde-section value-section\">\n  \n\t\n\n\n\n<div class=\"section-container\"><h1 class=\"bde-heading-17-137 bde-heading\">\nV\u00e4\u00e4rtused\n<\/h1><div class=\"bde-columns-17-131 bde-columns\"><div class=\"bde-column-17-132 bde-column\">\n  \n\t\n\n\n\n<div class=\"bde-image-box-17-144 bde-image-box\">\n<div class=\"ee-imagebox-image\">\n        \n  \n  \n  \n  \n      \n      <img loading=\"lazy\" decoding=\"async\"\n      class=\"breakdance-image-object\"\n      src=\"https:\/\/earplugz.com\/wp-content\/uploads\/2023\/10\/icon-1.jpg\"\n      width=\"60\"\n      height=\"60\"\n      \n      \n                                                                  >\n  \n<\/div>\n<div class=\"ee-imagebox-content\">\n      <h3 class=\"ee-imagebox-title\" >Eksklusiivsus<\/h3>\n    \n      <div class=\"ee-imagebox-text\" >Earplugz on spetsialiseerunud eritellimusel p\u00f5hinevate k\u00f5rvaklappide tarnimisele ainult edasim\u00fc\u00fcjatele ja audioloogidele. Me ei m\u00fc\u00fc otse l\u00f5pptarbijatele, mis annab teile eksklusiivse juurdep\u00e4\u00e4su meie kvaliteetsetele toodetele.<\/div>\n    \n  <\/div>\n\n<\/div>\n<\/div><div class=\"bde-column-17-149 bde-column\">\n  \n\t\n\n\n\n<div class=\"bde-image-box-17-150 bde-image-box\">\n<div class=\"ee-imagebox-image\">\n        \n  \n  \n  \n  \n      \n      <img loading=\"lazy\" decoding=\"async\"\n      class=\"breakdance-image-object\"\n      src=\"https:\/\/earplugz.com\/wp-content\/uploads\/2023\/10\/icon-2.jpg\"\n      width=\"60\"\n      height=\"60\"\n      \n      \n                                                                  >\n  \n<\/div>\n<div class=\"ee-imagebox-content\">\n      <h3 class=\"ee-imagebox-title\" >Comfort<\/h3>\n    \n      <div class=\"ee-imagebox-text\" >Meie tooted on spetsiaalselt kliendi k\u00f5rvakanalile kohandatud. See v\u00f5imaldab meil tagada optimaalse sobivuse ja maksimaalse mugavuse.<\/div>\n    \n  <\/div>\n\n<\/div>\n<\/div><div class=\"bde-column-17-147 bde-column\">\n  \n\t\n\n\n\n<div class=\"bde-image-box-17-148 bde-image-box\">\n<div class=\"ee-imagebox-image\">\n        \n  \n  \n  \n  \n      \n      <img loading=\"lazy\" decoding=\"async\"\n      class=\"breakdance-image-object\"\n      src=\"https:\/\/earplugz.com\/wp-content\/uploads\/2023\/10\/icon-3.jpg\"\n      width=\"60\"\n      height=\"60\"\n      \n      \n                                                                  >\n  \n<\/div>\n<div class=\"ee-imagebox-content\">\n      <h3 class=\"ee-imagebox-title\" >Kohandamine<\/h3>\n    \n      <div class=\"ee-imagebox-text\" >Meie k\u00f5rvaklapid on kohandatud vastavalt teie klientide ainulaadsetele vajadustele. Me m\u00f5istame, et \u00fcks suurus ei ole alati lahendus.<\/div>\n    \n  <\/div>\n\n<\/div>\n<\/div><div class=\"bde-column-17-145 bde-column\">\n  \n\t\n\n\n\n<div class=\"bde-image-box-17-146 bde-image-box\">\n<div class=\"ee-imagebox-image\">\n        \n  \n  \n  \n  \n      \n      <img loading=\"lazy\" decoding=\"async\"\n      class=\"breakdance-image-object\"\n      src=\"https:\/\/earplugz.com\/wp-content\/uploads\/2023\/10\/icon.jpg\"\n      width=\"60\"\n      height=\"60\"\n      \n      \n                                                                  >\n  \n<\/div>\n<div class=\"ee-imagebox-content\">\n      <h3 class=\"ee-imagebox-title\" >Ekspertiis<\/h3>\n    \n      <div class=\"ee-imagebox-text\" >Meil on \u00fcle 20 aasta kogemusi erinevate k\u00f5rvaklappide valmistamisel ja disainimisel. <\/div>\n    \n  <\/div>\n\n<\/div>\n<\/div><\/div><\/div>\n<\/section><section class=\"bde-section-17-155 bde-section\">\n  \n\t\n\n\n\n<div class=\"section-container\"><div class=\"bde-columns-17-156 bde-columns product-section-img\"><div class=\"bde-column-17-157 bde-column\">\n  \n\t\n\n\n\n<h1 class=\"bde-heading-17-169 bde-heading\">\ntooted\n<\/h1><div class=\"bde-text-17-170 bde-text\">\nEARPLUGZil on lai valik eritellimusel p\u00f5hinevaid k\u00f5rvaklappe. Meil on tooteid erinevateks olukordadeks, n\u00e4iteks muusikat\u00f6\u00f6stus, autosport ja t\u00f6\u00f6kohad.\n<\/div><div class=\"bde-button-17-171 bde-button button-product-cont\">\n    \n                                    \n    \n    \n    \n    \n            \n                    \n            \n            \n\n    \n    \n    \n    \n    <a class=\"breakdance-link button-atom button-atom--primary bde-button__button\" href=\"https:\/\/earplugz.com\/et\/oordoppen\/\" target=\"_self\" data-type=\"url\"  >\n\n    \n        <span class=\"button-atom__text\">VAATA K\u00d5IKI TOOTEID<\/span>\n\n        \n        \n                <\/a>\n\n    \n\n\n<\/div>\n<\/div><div class=\"bde-column-17-158 bde-column\">\n  \n\t\n\n\n\n<div class=\"bde-columns-17-159 bde-columns new-column\"><div class=\"bde-column-17-160 bde-column\">\n  \n\t\n\n\n\n<div class=\"bde-image-17-165 bde-image\">\n  \n\n\n\n\n\n<figure class=\"breakdance-image breakdance-image--1010\">\n\t<div class=\"breakdance-image-container\">\n\t\t<div class=\"breakdance-image-clip\">\n\t\t\t\n\t\t\t\t\n\t\t\t\t\t      \n  \n  \n  \n  \n      \n      <img loading=\"lazy\" decoding=\"async\"\n      class=\"breakdance-image-object\"\n      src=\"https:\/\/earplugz.com\/wp-content\/uploads\/2023\/11\/hard.jpg\"\n      width=\"440\"\n      height=\"400\"\n      \n      \n                                    srcset=\"https:\/\/earplugz.com\/wp-content\/uploads\/2023\/11\/hard.jpg 440w, https:\/\/earplugz.com\/wp-content\/uploads\/2023\/11\/hard-300x273.jpg 300w, https:\/\/earplugz.com\/wp-content\/uploads\/2023\/11\/hard-13x12.jpg 13w\"\n                                                                      >\n  \n\n\t\t\t\t\t\n\t\t\t\t\t\t<\/div>\n\t<\/div>\n\n\t<\/figure>\n\n<\/div>\n<\/div><div class=\"bde-column-17-161 bde-column\">\n  \n\t\n\n\n\n<div class=\"bde-image-17-166 bde-image\">\n  \n\n\n\n\n\n<figure class=\"breakdance-image breakdance-image--1009\">\n\t<div class=\"breakdance-image-container\">\n\t\t<div class=\"breakdance-image-clip\">\n\t\t\t\n\t\t\t\t\n\t\t\t\t\t      \n  \n  \n  \n  \n      \n      <img loading=\"lazy\" decoding=\"async\"\n      class=\"breakdance-image-object\"\n      src=\"https:\/\/earplugz.com\/wp-content\/uploads\/2023\/11\/egle.jpg\"\n      width=\"440\"\n      height=\"400\"\n      \n      \n                                    srcset=\"https:\/\/earplugz.com\/wp-content\/uploads\/2023\/11\/egle.jpg 440w, https:\/\/earplugz.com\/wp-content\/uploads\/2023\/11\/egle-300x273.jpg 300w, https:\/\/earplugz.com\/wp-content\/uploads\/2023\/11\/egle-13x12.jpg 13w\"\n                                                                      >\n  \n\n\t\t\t\t\t\n\t\t\t\t\t\t<\/div>\n\t<\/div>\n\n\t<\/figure>\n\n<\/div>\n<\/div><\/div><div class=\"bde-columns-17-162 bde-columns new-column\"><div class=\"bde-column-17-163 bde-column\">\n  \n\t\n\n\n\n<div class=\"bde-image-17-167 bde-image\">\n  \n\n\n\n\n\n<figure class=\"breakdance-image breakdance-image--1008\">\n\t<div class=\"breakdance-image-container\">\n\t\t<div class=\"breakdance-image-clip\">\n\t\t\t\n\t\t\t\t\n\t\t\t\t\t      \n  \n  \n  \n  \n      \n      <img loading=\"lazy\" decoding=\"async\"\n      class=\"breakdance-image-object\"\n      src=\"https:\/\/earplugz.com\/wp-content\/uploads\/2023\/11\/sleeves-1.jpg\"\n      width=\"440\"\n      height=\"400\"\n      \n      \n                                    srcset=\"https:\/\/earplugz.com\/wp-content\/uploads\/2023\/11\/sleeves-1.jpg 440w, https:\/\/earplugz.com\/wp-content\/uploads\/2023\/11\/sleeves-1-300x273.jpg 300w, https:\/\/earplugz.com\/wp-content\/uploads\/2023\/11\/sleeves-1-13x12.jpg 13w\"\n                                                                      >\n  \n\n\t\t\t\t\t\n\t\t\t\t\t\t<\/div>\n\t<\/div>\n\n\t<\/figure>\n\n<\/div>\n<\/div><div class=\"bde-column-17-164 bde-column\">\n  \n\t\n\n\n\n<div class=\"bde-image-17-168 bde-image\">\n  \n\n\n\n\n\n<figure class=\"breakdance-image breakdance-image--765\">\n\t<div class=\"breakdance-image-container\">\n\t\t<div class=\"breakdance-image-clip\">\n\t\t\t\n\t\t\t\t\n\t\t\t\t\t      \n  \n  \n  \n  \n      \n      <img loading=\"lazy\" decoding=\"async\"\n      class=\"breakdance-image-object\"\n      src=\"https:\/\/earplugz.com\/wp-content\/uploads\/2023\/11\/2.png\"\n      width=\"435\"\n      height=\"400\"\n      \n      \n                                    srcset=\"https:\/\/earplugz.com\/wp-content\/uploads\/2023\/11\/2.png 435w, https:\/\/earplugz.com\/wp-content\/uploads\/2023\/11\/2-300x276.png 300w\"\n                                                                      >\n  \n\n\t\t\t\t\t\n\t\t\t\t\t\t<\/div>\n\t<\/div>\n\n\t<\/figure>\n\n<\/div>\n<\/div><\/div>\n<\/div><\/div><\/div>\n<\/section><section class=\"bde-section-17-172 bde-section\">\n  \n\t\n\n\n\n<div class=\"section-container\"><div class=\"bde-columns-17-173 bde-columns\"><div class=\"bde-column-17-176 bde-column\">\n  \n\t\n\n\n\n<h1 class=\"bde-heading-17-177 bde-heading\">\nKOOST\u00d6\u00d6 AUDIOLOOGIDEGA\n<\/h1><div class=\"bde-text-17-178 bde-text\">\nEttev\u00f5ttena teeme tihedat koost\u00f6\u00f6d audioloogidega, et klientide vajadustele k\u00f5ige paremini vastata.\n<\/div>\n<\/div><\/div><\/div>\n<\/section><section class=\"bde-section-17-202 bde-section\">\n  \n\t\n\n\n\n<div class=\"section-container\"><div class=\"bde-columns-17-203 bde-columns\"><div class=\"bde-column-17-204 bde-column\">\n  \n\t\n\n\n\n<div class=\"bde-text-17-206 bde-text\">\nTARNIMINE EDASIM\u00dc\u00dcJATELE\n<\/div>\n<\/div><div class=\"bde-column-17-205 bde-column\">\n  \n\t\n\n\n\n<div class=\"bde-text-17-207 bde-text\">\nMe m\u00fc\u00fcme oma tooteid ainult audioloogidele ja volitatud edasim\u00fc\u00fcjatele. Seejuures ei tarni me otse l\u00f5ppkasutajatele. Seda tehes kasvatame tugevat suhet meie kaubam\u00e4rgi ja edasim\u00fc\u00fcjate vahel.\n<\/div>\n<\/div><\/div><\/div>\n<\/section><section class=\"bde-section-17-235 bde-section\">\n  \n\t\n\n\n\n<div class=\"section-container\"><div class=\"bde-columns-17-239 bde-columns\"><div class=\"bde-column-17-242 bde-column\">\n  \n\t\n\n\n\n\n<\/div><\/div><\/div>\n<\/section><section class=\"bde-section-17-220 bde-section\">\n  \n\t\n\n\n\n<div class=\"section-container\"><div class=\"bde-columns-17-221 bde-columns\"><div class=\"bde-column-17-222 bde-column\">\n  \n\t\n\n\n\n<div class=\"bde-image-17-226 bde-image\">\n  \n\n\n\n\n\n<figure class=\"breakdance-image breakdance-image--171\">\n\t<div class=\"breakdance-image-container\">\n\t\t<div class=\"breakdance-image-clip\">\n\t\t\t\n\t\t\t\t\n\t\t\t\t\t      \n  \n  \n  \n  \n      \n      <img loading=\"lazy\" decoding=\"async\"\n      class=\"breakdance-image-object\"\n      src=\"https:\/\/earplugz.com\/wp-content\/uploads\/2023\/10\/unnamed-file.png\"\n      width=\"9\"\n      height=\"46\"\n      \n      \n                                                                  >\n  \n\n\t\t\t\t\t\n\t\t\t\t\t\t<\/div>\n\t<\/div>\n\n\t<\/figure>\n\n<\/div><h1 class=\"bde-heading-17-224 bde-heading\">\nHINNAN\u00c4ITAJAD PUUDUVAD\n<\/h1><div class=\"bde-text-17-225 bde-text\">\nMe ei avalda oma veebilehel hindu, et kaitsta meie hinnatud edasim\u00fc\u00fcjaid.\n<\/div>\n<\/div><\/div><\/div>\n<\/section>","protected":false},"excerpt":{"rendered":"<p>OP MAAT GEMAAKTE GEHOORBESCHERMING Wij streven naar het voor iedereen toegankelijk maken van op maat gemaakte oordoppen. Kom in contact Vision ONZE OORDOPPEN BIEDEN NIET ALLEEN BESCHERMING TEGEN GEHOORSCHADE, MAAR GARANDEREN OOK EEN OPTIMALE PASVORM. Actuele productie tijden in werkdagen Productie dagen oordoppen Productie dagen oordoppen spoed Productie dagen in-ears Waardes Exclusiviteit Earplugz is gespecialiseerd [&hellip;]<\/p>","protected":false},"author":1,"featured_media":0,"parent":0,"menu_order":0,"comment_status":"closed","ping_status":"closed","template":"","meta":{"_breakdance_hide_in_design_set":false,"_breakdance_tags":"","footnotes":""},"class_list":["post-17","page","type-page","status-publish","hentry"],"_links":{"self":[{"href":"https:\/\/earplugz.com\/et\/wp-json\/wp\/v2\/pages\/17","targetHints":{"allow":["GET"]}}],"collection":[{"href":"https:\/\/earplugz.com\/et\/wp-json\/wp\/v2\/pages"}],"about":[{"href":"https:\/\/earplugz.com\/et\/wp-json\/wp\/v2\/types\/page"}],"author":[{"embeddable":true,"href":"https:\/\/earplugz.com\/et\/wp-json\/wp\/v2\/users\/1"}],"replies":[{"embeddable":true,"href":"https:\/\/earplugz.com\/et\/wp-json\/wp\/v2\/comments?post=17"}],"version-history":[{"count":4,"href":"https:\/\/earplugz.com\/et\/wp-json\/wp\/v2\/pages\/17\/revisions"}],"predecessor-version":[{"id":1648,"href":"https:\/\/earplugz.com\/et\/wp-json\/wp\/v2\/pages\/17\/revisions\/1648"}],"wp:attachment":[{"href":"https:\/\/earplugz.com\/et\/wp-json\/wp\/v2\/media?parent=17"}],"curies":[{"name":"wp","href":"https:\/\/api.w.org\/{rel}","templated":true}]}}