{"id":770,"date":"2023-11-14T13:34:21","date_gmt":"2023-11-14T13:34:21","guid":{"rendered":"https:\/\/earplugz.com\/?post_type=product&#038;p=770"},"modified":"2023-11-21T15:31:55","modified_gmt":"2023-11-21T15:31:55","slug":"custom-soft","status":"publish","type":"product","link":"https:\/\/earplugz.com\/es\/product\/suave-a-medida\/","title":{"rendered":"Suave a medida"},"content":{"rendered":"<div style=\"display: flex; flex-wrap: wrap;\">\n<div style=\"flex-basis: 100%; display: flex; justify-content: space-between;\">\n        <span style=\"color: #999999;\">Material:<\/span><br \/>\n        <strong style=\"text-align: right; flex-grow: 1;\">Silicona<\/strong>\n    <\/div>\n<div style=\"flex-basis: 100%; display: flex; justify-content: space-between;\">\n        <span style=\"color: #999999;\">Filtro (amortiguaci\u00f3n):<\/span><br \/>\n        <strong style=\"text-align: right; flex-grow: 1;\">4 tipos<\/strong>\n    <\/div>\n<div style=\"flex-basis: 100%; display: flex; justify-content: space-between;\">\n        <span style=\"color: #999999;\">Revestimiento antial\u00e9rgico:<\/span><br \/>\n        <strong style=\"text-align: right; flex-grow: 1;\">S\u00ed<\/strong>\n    <\/div>\n<div style=\"flex-basis: 100%; display: flex; justify-content: space-between;\">\n        <span style=\"color: #999999;\">Vida \u00fatil:<\/span><br \/>\n        <strong style=\"text-align: right; flex-grow: 1;\">Aproximadamente 3-4 a\u00f1os<\/strong>\n    <\/div>\n<div style=\"flex-basis: 100%; display: flex; justify-content: space-between;\">\n        <span style=\"color: #999999;\">Asa:<\/span><br \/>\n        <strong style=\"text-align: right; flex-grow: 1;\">Opcional<\/strong>\n    <\/div>\n<div style=\"flex-basis: 100%; display: flex; justify-content: space-between;\">\n        <span style=\"color: #999999;\">Cord\u00f3n con clip:<\/span><br \/>\n        <strong style=\"text-align: right; flex-grow: 1;\">Opcional<\/strong>\n    <\/div>\n<div style=\"flex-basis: 100%; display: flex; justify-content: space-between;\">\n        <span style=\"color: #999999;\">Barra de acoplamiento al altavoz intraauricular:<\/span><br \/>\n        <strong style=\"text-align: right; flex-grow: 1;\">No<\/strong>\n    <\/div>\n<div style=\"flex-basis: 100%; display: flex; justify-content: space-between;\">\n        <span style=\"color: #999999;\">N\u00famero de colores:<\/span><br \/>\n        <strong style=\"text-align: right; flex-grow: 1;\">10<\/strong>\n    <\/div>\n<div style=\"flex-basis: 100%; display: flex; justify-content: space-between;\">\n        <span style=\"color: #999999;\">Detectable:<\/span><br \/>\n        <strong style=\"text-align: right; flex-grow: 1;\">Opcional<\/strong>\n    <\/div>\n<\/div>","protected":false},"excerpt":{"rendered":"<p>Material: Silicona Filtro (acolchado): 4 tipos Recubrimiento antial\u00e9rgico: S\u00ed Vida \u00fatil: Aprox. 3-4 a\u00f1os Mango: Opcional Cord\u00f3n con clip: Opcional Barra de acoplamiento al altavoz intraauricular: No N\u00famero de colores: 10 Detectables: Opcional<\/p>","protected":false},"featured_media":971,"comment_status":"open","ping_status":"closed","template":"","meta":[],"product_cat":[17],"product_tag":[],"class_list":{"0":"post-770","1":"product","2":"type-product","3":"status-publish","4":"has-post-thumbnail","6":"product_cat-zie-specificaties","7":"pa_color-black","8":"pa_color-blue","9":"pa_color-clear","10":"pa_color-green","11":"pa_color-orange","12":"pa_color-pink","13":"pa_color-purple","14":"pa_color-red","15":"pa_color-white","16":"pa_color-yellow","18":"first","19":"instock","20":"shipping-taxable","21":"product-type-simple"},"_links":{"self":[{"href":"https:\/\/earplugz.com\/es\/wp-json\/wp\/v2\/product\/770","targetHints":{"allow":["GET"]}}],"collection":[{"href":"https:\/\/earplugz.com\/es\/wp-json\/wp\/v2\/product"}],"about":[{"href":"https:\/\/earplugz.com\/es\/wp-json\/wp\/v2\/types\/product"}],"replies":[{"embeddable":true,"href":"https:\/\/earplugz.com\/es\/wp-json\/wp\/v2\/comments?post=770"}],"wp:featuredmedia":[{"embeddable":true,"href":"https:\/\/earplugz.com\/es\/wp-json\/wp\/v2\/media\/971"}],"wp:attachment":[{"href":"https:\/\/earplugz.com\/es\/wp-json\/wp\/v2\/media?parent=770"}],"wp:term":[{"taxonomy":"product_cat","embeddable":true,"href":"https:\/\/earplugz.com\/es\/wp-json\/wp\/v2\/product_cat?post=770"},{"taxonomy":"product_tag","embeddable":true,"href":"https:\/\/earplugz.com\/es\/wp-json\/wp\/v2\/product_tag?post=770"}],"curies":[{"name":"wp","href":"https:\/\/api.w.org\/{rel}","templated":true}]}}