{"id":573,"date":"2023-11-10T07:02:05","date_gmt":"2023-11-10T07:02:05","guid":{"rendered":"https:\/\/earplugz.com\/?post_type=product&#038;p=573"},"modified":"2023-11-21T15:26:08","modified_gmt":"2023-11-21T15:26:08","slug":"dry-music","status":"publish","type":"product","link":"https:\/\/earplugz.com\/es\/product\/musica-seca\/","title":{"rendered":"M\u00fasica seca"},"content":{"rendered":"<div style=\"display: flex; flex-wrap: wrap;\">\n<div style=\"flex-basis: 100%; display: flex; justify-content: space-between;\">\n        <span style=\"color: #999999;\">Material:<\/span><br \/>\n        <strong style=\"text-align: right; flex-grow: 1;\">Silicona flotante y no flotante<\/strong>\n    <\/div>\n<div style=\"flex-basis: 100%; display: flex; justify-content: space-between;\">\n        <span style=\"color: #999999;\">Filtro (amortiguaci\u00f3n):<\/span><br \/>\n        <strong style=\"text-align: right; flex-grow: 1;\">1 tipo<\/strong>\n    <\/div>\n<div style=\"flex-basis: 100%; display: flex; justify-content: space-between;\">\n        <span style=\"color: #999999;\">Compatibilidad:<\/span><br \/>\n        <strong style=\"text-align: right; flex-grow: 1;\">16 horas de reproducci\u00f3n y 8 GB de capacidad de almacenamiento<\/strong>\n    <\/div>\n<div style=\"flex-basis: 100%; display: flex; justify-content: space-between;\">\n        <span style=\"color: #999999;\">Impermeable:<\/span><br \/>\n        <strong style=\"text-align: right; flex-grow: 1;\">Hasta 2,5 metros 100% impermeable<\/strong>\n    <\/div>\n<div style=\"flex-basis: 100%; display: flex; justify-content: space-between;\">\n        <span style=\"color: #999999;\">Vida \u00fatil:<\/span><br \/>\n        <strong style=\"text-align: right; flex-grow: 1;\">Aprox. 4-5 a\u00f1os<\/strong>\n    <\/div>\n<div style=\"flex-basis: 100%; display: flex; justify-content: space-between;\">\n        <span style=\"color: #999999;\">Asa:<\/span><br \/>\n        <strong style=\"text-align: right; flex-grow: 1;\">I-Grip<\/strong>\n    <\/div>\n<div style=\"flex-basis: 100%; display: flex; justify-content: space-between;\">\n        <span style=\"color: #999999;\">Cord\u00f3n con clip:<\/span><br \/>\n        <strong style=\"text-align: right; flex-grow: 1;\">No<\/strong>\n    <\/div>\n<div style=\"flex-basis: 100%; display: flex; justify-content: space-between;\">\n        <span style=\"color: #999999;\">N\u00famero de colores:<\/span><br \/>\n        <strong style=\"text-align: right; flex-grow: 1;\">10<\/strong>\n    <\/div>\n<\/div>","protected":false},"excerpt":{"rendered":"<ul>\n<li>Exclusivo material flotante supersuave<\/li>\n<li>Incluye reproductor MP3 impermeable de 8 GB<\/li>\n<li>Adecuado para un uso prolongado y diario<\/li>\n<li>Revestimiento antial\u00e9rgico<\/li>\n<li>Ajuste \u00f3ptimo<\/li>\n<li>Duraderos (duran m\u00e1s que los tapones universales o desechables)<\/li>\n<li><span class=\"a-list-item\">M\u00fasica mientras nadas: el mejor reproductor mp3 resistente al agua para surfistas o nadadores de marat\u00f3n. Supercompacto: el dise\u00f1o de clip manos libres facilita la sujeci\u00f3n del reproductor a (por ejemplo) las gafas. F\u00e1cil de manejar.<\/span><\/li>\n<li><span class=\"a-list-item\">Gran calidad de sonido: incorpora tecnolog\u00eda avanzada de cancelaci\u00f3n de ruido y ofrece mejor calidad de sonido que la mayor\u00eda de reproductores mp3 resistentes al agua. G<\/span><span class=\"a-list-item\">y disfrutar sin distorsiones de tu m\u00fasica favorita mientras nadas, haces surf, corres y realizas otras actividades.<\/span><\/li>\n<li><span class=\"a-list-item\">Alta compatibilidad: 16 horas de tiempo de reproducci\u00f3n y una capacidad de almacenamiento de 8 GB, lo que es bueno para m\u00e1s de 2.000 canciones, comptable con la mayor\u00eda de los formatos de audio, por ejemplo, MP3, FLAC, WMA, APE (sin necesidad de software de conversi\u00f3n).<\/span><\/li>\n<li><span class=\"a-list-item\">100% resistente al agua - hasta 2,5 metros 100% resistente al agua. Incluye clavija est\u00e9reo chapada en oro que protege contra la corrosi\u00f3n. \u00cdndice de impermeabilidad: IPX8.<\/span><\/li>\n<li><\/li>\n<\/ul>","protected":false},"featured_media":823,"comment_status":"open","ping_status":"closed","template":"","meta":[],"product_cat":[17],"product_tag":[],"class_list":{"0":"post-573","1":"product","2":"type-product","3":"status-publish","4":"has-post-thumbnail","6":"product_cat-zie-specificaties","7":"pa_color-blue","8":"pa_color-red","10":"first","11":"instock","12":"shipping-taxable","13":"product-type-simple"},"_links":{"self":[{"href":"https:\/\/earplugz.com\/es\/wp-json\/wp\/v2\/product\/573","targetHints":{"allow":["GET"]}}],"collection":[{"href":"https:\/\/earplugz.com\/es\/wp-json\/wp\/v2\/product"}],"about":[{"href":"https:\/\/earplugz.com\/es\/wp-json\/wp\/v2\/types\/product"}],"replies":[{"embeddable":true,"href":"https:\/\/earplugz.com\/es\/wp-json\/wp\/v2\/comments?post=573"}],"wp:featuredmedia":[{"embeddable":true,"href":"https:\/\/earplugz.com\/es\/wp-json\/wp\/v2\/media\/823"}],"wp:attachment":[{"href":"https:\/\/earplugz.com\/es\/wp-json\/wp\/v2\/media?parent=573"}],"wp:term":[{"taxonomy":"product_cat","embeddable":true,"href":"https:\/\/earplugz.com\/es\/wp-json\/wp\/v2\/product_cat?post=573"},{"taxonomy":"product_tag","embeddable":true,"href":"https:\/\/earplugz.com\/es\/wp-json\/wp\/v2\/product_tag?post=573"}],"curies":[{"name":"wp","href":"https:\/\/api.w.org\/{rel}","templated":true}]}}