{"id":1071,"date":"2023-11-21T07:24:57","date_gmt":"2023-11-21T07:24:57","guid":{"rendered":"https:\/\/earplugz.com\/?post_type=product&#038;p=1071"},"modified":"2023-11-21T15:12:17","modified_gmt":"2023-11-21T15:12:17","slug":"bluetooth-motor-ears","status":"publish","type":"product","link":"https:\/\/earplugz.com\/es\/product\/orejas-motorizadas-bluetooth\/","title":{"rendered":"O\u00eddos de motor Bluetooth"},"content":{"rendered":"<div style=\"display: flex; flex-wrap: wrap; align-items: center;\">\n<div style=\"flex-basis: 100%; display: flex; justify-content: space-between;\">\n        <span style=\"color: #999999; white-space: nowrap;\">Material:<\/span><br \/>\n        <strong style=\"text-align: right; flex-grow: 1;\">Silicona flexible<\/strong>\n    <\/div>\n<div style=\"flex-basis: 100%; display: flex; justify-content: space-between;\">\n        <span style=\"color: #999999; white-space: nowrap;\">Gama din\u00e1mica de frecuencias (Hz) :<\/span><br \/>\n        <strong style=\"text-align: right; flex-grow: 1;\">20 Hz-20 kHz<\/strong>\n    <\/div>\n<div style=\"flex-basis: 100%; display: flex; justify-content: space-between;\">\n        <span style=\"color: #999999; white-space: nowrap;\">Sensibilidad del conductor a 1kHz\/1mW (dB):<\/span><br \/>\n        <strong style=\"text-align: right; flex-grow: 1;\">102<\/strong>\n    <\/div>\n<div style=\"flex-basis: 100%; display: flex; justify-content: space-between;\">\n        <span style=\"color: #999999; white-space: nowrap;\">Tiempo m\u00e1ximo de reproducci\u00f3n (horas):<\/span><br \/>\n        <strong style=\"text-align: right; flex-grow: 1;\">13<\/strong>\n    <\/div>\n<div style=\"flex-basis: 100%; display: flex; justify-content: space-between;\">\n        <span style=\"color: #999999; white-space: nowrap;\">Vida \u00fatil:<\/span><br \/>\n        <strong style=\"text-align: right; flex-grow: 1;\">Aprox. 4-5 a\u00f1os<\/strong>\n    <\/div>\n<div style=\"flex-basis: 100%; display: flex; justify-content: space-between;\">\n        <span style=\"color: #999999; white-space: nowrap;\">Asa:<\/span><br \/>\n        <strong style=\"text-align: right; flex-grow: 1;\">I-Grip<\/strong>\n    <\/div>\n<div style=\"flex-basis: 100%; display: flex; justify-content: space-between;\">\n        <span style=\"color: #999999; white-space: nowrap;\">Micr\u00f3fono incorporado:<\/span><br \/>\n        <strong style=\"text-align: right; flex-grow: 1;\">S\u00ed<\/strong>\n    <\/div>\n<div style=\"flex-basis: 100%; display: flex; justify-content: space-between;\">\n        <span style=\"color: #999999; white-space: nowrap;\">N\u00famero de colores:<\/span><br \/>\n        <strong style=\"text-align: right; flex-grow: 1;\">10<\/strong>\n    <\/div>\n<\/div>","protected":false},"excerpt":{"rendered":"<ul>\n<li>Bluetooth\u00ae 4.0<\/li>\n<li>M\u00e1s de 6 horas de reproducci\u00f3n inal\u00e1mbrica con la bater\u00eda cargada<\/li>\n<li>Conexi\u00f3n inal\u00e1mbrica sin problemas<\/li>\n<li>Carga mediante micro USB<\/li>\n<li>Adaptado para una comodidad de uso \u00f3ptima<\/li>\n<li>Adecuado para un uso prolongado y diario<\/li>\n<\/ul>","protected":false},"featured_media":1072,"comment_status":"open","ping_status":"closed","template":"","meta":[],"product_cat":[17],"product_tag":[],"class_list":{"0":"post-1071","1":"product","2":"type-product","3":"status-publish","4":"has-post-thumbnail","6":"product_cat-zie-specificaties","7":"pa_color-black","8":"pa_color-blue","9":"pa_color-clear","10":"pa_color-green","11":"pa_color-orange","12":"pa_color-pink","13":"pa_color-purple","14":"pa_color-red","15":"pa_color-white","16":"pa_color-yellow","18":"first","19":"instock","20":"shipping-taxable","21":"product-type-simple"},"_links":{"self":[{"href":"https:\/\/earplugz.com\/es\/wp-json\/wp\/v2\/product\/1071","targetHints":{"allow":["GET"]}}],"collection":[{"href":"https:\/\/earplugz.com\/es\/wp-json\/wp\/v2\/product"}],"about":[{"href":"https:\/\/earplugz.com\/es\/wp-json\/wp\/v2\/types\/product"}],"replies":[{"embeddable":true,"href":"https:\/\/earplugz.com\/es\/wp-json\/wp\/v2\/comments?post=1071"}],"wp:featuredmedia":[{"embeddable":true,"href":"https:\/\/earplugz.com\/es\/wp-json\/wp\/v2\/media\/1072"}],"wp:attachment":[{"href":"https:\/\/earplugz.com\/es\/wp-json\/wp\/v2\/media?parent=1071"}],"wp:term":[{"taxonomy":"product_cat","embeddable":true,"href":"https:\/\/earplugz.com\/es\/wp-json\/wp\/v2\/product_cat?post=1071"},{"taxonomy":"product_tag","embeddable":true,"href":"https:\/\/earplugz.com\/es\/wp-json\/wp\/v2\/product_tag?post=1071"}],"curies":[{"name":"wp","href":"https:\/\/api.w.org\/{rel}","templated":true}]}}