{"id":780,"date":"2023-11-14T13:54:37","date_gmt":"2023-11-14T13:54:37","guid":{"rendered":"https:\/\/earplugz.com\/?post_type=product&#038;p=780"},"modified":"2023-11-21T15:21:14","modified_gmt":"2023-11-21T15:21:14","slug":"active-shoot","status":"publish","type":"product","link":"https:\/\/earplugz.com\/de\/product\/treibjagd\/","title":{"rendered":"Aktiver Trieb"},"content":{"rendered":"<div style=\"display: flex; flex-wrap: wrap;\">\n<div style=\"flex-basis: 100%; display: flex; justify-content: space-between;\">\n        <span style=\"color: #999999;\">Material:<\/span><br \/>\n        <strong style=\"text-align: right; flex-grow: 1;\">Acryl<\/strong>\n    <\/div>\n<div style=\"flex-basis: 100%; display: flex; justify-content: space-between;\">\n        <span style=\"color: #999999;\">W\u00e4hlbare Frequenzb\u00e4nder:<\/span><br \/>\n        <strong style=\"text-align: right; flex-grow: 1;\">12<\/strong>\n    <\/div>\n<div style=\"flex-basis: 100%; display: flex; justify-content: space-between;\">\n        <span style=\"color: #999999;\">Kriteriumsebene:<\/span><br \/>\n        <strong style=\"text-align: right; flex-grow: 1;\">H = 112 dB (A) M = 106 dB (A) L = 103 dB (A)<\/strong>\n    <\/div>\n<div style=\"flex-basis: 100%; display: flex; justify-content: space-between;\">\n        <span style=\"color: #999999;\">Lebensdauer der Batterie:<\/span><br \/>\n        <strong style=\"text-align: right; flex-grow: 1;\">ca. 60 Stunden<\/strong>\n    <\/div>\n<div style=\"flex-basis: 100%; display: flex; justify-content: space-between;\">\n        <span style=\"color: #999999;\">Elektronisches Limit:<\/span><br \/>\n        <strong style=\"text-align: right; flex-grow: 1;\">Weniger als 10 Millisekunden<\/strong>\n    <\/div>\n<div style=\"flex-basis: 100%; display: flex; justify-content: space-between;\">\n        <span style=\"color: #999999;\">Windger\u00e4usche:<\/span><br \/>\n        <strong style=\"text-align: right; flex-grow: 1;\">Minimum<\/strong>\n    <\/div>\n<div style=\"flex-basis: 100%; display: flex; justify-content: space-between;\">\n        <span style=\"color: #999999;\">Kann bei H\u00f6rverlust angepasst werden:<\/span><br \/>\n        <strong style=\"text-align: right; flex-grow: 1;\">Ja<\/strong>\n    <\/div>\n<div style=\"flex-basis: 100%; display: flex; justify-content: space-between;\">\n        <span style=\"color: #999999;\">Anzahl der Farben:<\/span><br \/>\n        <strong style=\"text-align: right; flex-grow: 1;\">2<\/strong>\n    <\/div>\n<\/div>","protected":false},"excerpt":{"rendered":"<ul>\n<li>D\u00e4mpft Sch\u00fcsse und verst\u00e4rkt die Umgebungsger\u00e4usche<\/li>\n<li>Acryl (hartes) Material<\/li>\n<li>Ma\u00dfgeschneidert f\u00fcr optimalen Tragekomfort<\/li>\n<li>Kann an einen H\u00f6rverlust angepasst werden<\/li>\n<\/ul>","protected":false},"featured_media":826,"comment_status":"open","ping_status":"closed","template":"","meta":[],"product_cat":[17],"product_tag":[],"class_list":{"0":"post-780","1":"product","2":"type-product","3":"status-publish","4":"has-post-thumbnail","6":"product_cat-zie-specificaties","7":"pa_color-blue","8":"pa_color-red","10":"first","11":"instock","12":"shipping-taxable","13":"product-type-simple"},"_links":{"self":[{"href":"https:\/\/earplugz.com\/de\/wp-json\/wp\/v2\/product\/780","targetHints":{"allow":["GET"]}}],"collection":[{"href":"https:\/\/earplugz.com\/de\/wp-json\/wp\/v2\/product"}],"about":[{"href":"https:\/\/earplugz.com\/de\/wp-json\/wp\/v2\/types\/product"}],"replies":[{"embeddable":true,"href":"https:\/\/earplugz.com\/de\/wp-json\/wp\/v2\/comments?post=780"}],"wp:featuredmedia":[{"embeddable":true,"href":"https:\/\/earplugz.com\/de\/wp-json\/wp\/v2\/media\/826"}],"wp:attachment":[{"href":"https:\/\/earplugz.com\/de\/wp-json\/wp\/v2\/media?parent=780"}],"wp:term":[{"taxonomy":"product_cat","embeddable":true,"href":"https:\/\/earplugz.com\/de\/wp-json\/wp\/v2\/product_cat?post=780"},{"taxonomy":"product_tag","embeddable":true,"href":"https:\/\/earplugz.com\/de\/wp-json\/wp\/v2\/product_tag?post=780"}],"curies":[{"name":"wp","href":"https:\/\/api.w.org\/{rel}","templated":true}]}}