{"id":777,"date":"2023-11-14T13:53:19","date_gmt":"2023-11-14T13:53:19","guid":{"rendered":"https:\/\/earplugz.com\/?post_type=product&#038;p=777"},"modified":"2023-11-21T15:24:08","modified_gmt":"2023-11-21T15:24:08","slug":"iso-tunes-ears","status":"publish","type":"product","link":"https:\/\/earplugz.com\/de\/product\/iso-tont-ohren\/","title":{"rendered":"Iso Tunes Ohren"},"content":{"rendered":"<div style=\"display: flex; flex-wrap: wrap;\">\n<div style=\"flex-basis: 100%; display: flex; justify-content: space-between;\">\n        <span style=\"color: #999999;\">Material:<\/span><br \/>\n        <strong style=\"text-align: right; flex-grow: 1;\">Acryl oder Silikon<\/strong>\n    <\/div>\n<div style=\"flex-basis: 100%; display: flex; justify-content: space-between;\">\n        <span style=\"color: #999999;\">Magnetische Ohrst\u00f6psel:<\/span><br \/>\n        <strong style=\"text-align: right; flex-grow: 1;\">Ja<\/strong>\n    <\/div>\n<div style=\"flex-basis: 100%; display: flex; justify-content: space-between;\">\n        <span style=\"color: #999999;\">Mikrofon mit Ger\u00e4uschunterdr\u00fcckung:<\/span><br \/>\n        <strong style=\"text-align: right; flex-grow: 1;\">Ja<\/strong>\n    <\/div>\n<div style=\"flex-basis: 100%; display: flex; justify-content: space-between;\">\n        <span style=\"color: #999999;\">Widerstandsf\u00e4hig gegen Staub, Schwei\u00df und Wasser:<\/span><br \/>\n        <strong style=\"text-align: right; flex-grow: 1;\">Ja<\/strong>\n    <\/div>\n<div style=\"flex-basis: 100%; display: flex; justify-content: space-between;\">\n        <span style=\"color: #999999;\">Lebenserwartung:<\/span><br \/>\n        <strong style=\"text-align: right; flex-grow: 1;\">Ca. 4-5 Jahre<\/strong>\n    <\/div>\n<div style=\"flex-basis: 100%; display: flex; justify-content: space-between;\">\n        <span style=\"color: #999999;\">Kabellose Wiedergabe:<\/span><br \/>\n        <strong style=\"text-align: right; flex-grow: 1;\">11 Uhr<\/strong>\n    <\/div>\n<div style=\"flex-basis: 100%; display: flex; justify-content: space-between;\">\n        <span style=\"color: #999999;\">Begrenzte Produktionsmenge:<\/span><br \/>\n        <strong style=\"text-align: right; flex-grow: 1;\">bis zu 79 dBA<\/strong>\n    <\/div>\n<div style=\"flex-basis: 100%; display: flex; justify-content: space-between;\">\n        <span style=\"color: #999999;\">Anzahl der Farben:<\/span><br \/>\n        <strong style=\"text-align: right; flex-grow: 1;\">10<\/strong>\n    <\/div>\n<\/div>","protected":false},"excerpt":{"rendered":"<ul>\n<li>Bluetooth\u00ae 5.0<\/li>\n<li>Ger\u00e4uschisolierendes Mikrofon f\u00fcr klare Gespr\u00e4che in lauten Umgebungen<\/li>\n<li>SafeMax\u2122 - au\u00dfergew\u00f6hnliche Audioqualit\u00e4t bei einer Lautst\u00e4rkebegrenzung auf 79 dBA<\/li>\n<li>11 Stunden kabellose Wiedergabe mit einer vollen Batterie<\/li>\n<li>St\u00f6rungsfreie drahtlose Verbindung<\/li>\n<li>Aufladen \u00fcber Micro-USB<\/li>\n<li>Ma\u00dfgeschneidert f\u00fcr optimalen Tragekomfort<\/li>\n<li>Geeignet f\u00fcr langfristigen und t\u00e4glichen Gebrauch<\/li>\n<li>IP67 staub-, schwei\u00df- und wasserdicht<\/li>\n<\/ul>","protected":false},"featured_media":833,"comment_status":"open","ping_status":"closed","template":"","meta":[],"product_cat":[17],"product_tag":[],"class_list":{"0":"post-777","1":"product","2":"type-product","3":"status-publish","4":"has-post-thumbnail","6":"product_cat-zie-specificaties","7":"pa_color-black","8":"pa_color-blue","9":"pa_color-clear","10":"pa_color-green","11":"pa_color-orange","12":"pa_color-pink","13":"pa_color-purple","14":"pa_color-red","15":"pa_color-white","16":"pa_color-yellow","18":"first","19":"instock","20":"shipping-taxable","21":"product-type-simple"},"_links":{"self":[{"href":"https:\/\/earplugz.com\/de\/wp-json\/wp\/v2\/product\/777","targetHints":{"allow":["GET"]}}],"collection":[{"href":"https:\/\/earplugz.com\/de\/wp-json\/wp\/v2\/product"}],"about":[{"href":"https:\/\/earplugz.com\/de\/wp-json\/wp\/v2\/types\/product"}],"replies":[{"embeddable":true,"href":"https:\/\/earplugz.com\/de\/wp-json\/wp\/v2\/comments?post=777"}],"wp:featuredmedia":[{"embeddable":true,"href":"https:\/\/earplugz.com\/de\/wp-json\/wp\/v2\/media\/833"}],"wp:attachment":[{"href":"https:\/\/earplugz.com\/de\/wp-json\/wp\/v2\/media?parent=777"}],"wp:term":[{"taxonomy":"product_cat","embeddable":true,"href":"https:\/\/earplugz.com\/de\/wp-json\/wp\/v2\/product_cat?post=777"},{"taxonomy":"product_tag","embeddable":true,"href":"https:\/\/earplugz.com\/de\/wp-json\/wp\/v2\/product_tag?post=777"}],"curies":[{"name":"wp","href":"https:\/\/api.w.org\/{rel}","templated":true}]}}