{"id":573,"date":"2023-11-10T07:02:05","date_gmt":"2023-11-10T07:02:05","guid":{"rendered":"https:\/\/earplugz.com\/?post_type=product&#038;p=573"},"modified":"2023-11-21T15:26:08","modified_gmt":"2023-11-21T15:26:08","slug":"dry-music","status":"publish","type":"product","link":"https:\/\/earplugz.com\/de\/product\/trockene-musik\/","title":{"rendered":"Trockene Musik"},"content":{"rendered":"<div style=\"display: flex; flex-wrap: wrap;\">\n<div style=\"flex-basis: 100%; display: flex; justify-content: space-between;\">\n        <span style=\"color: #999999;\">Material:<\/span><br \/>\n        <strong style=\"text-align: right; flex-grow: 1;\">Schwimmendes und nicht schwimmendes Silikon<\/strong>\n    <\/div>\n<div style=\"flex-basis: 100%; display: flex; justify-content: space-between;\">\n        <span style=\"color: #999999;\">Filter (D\u00e4mpfung):<\/span><br \/>\n        <strong style=\"text-align: right; flex-grow: 1;\">1 Art<\/strong>\n    <\/div>\n<div style=\"flex-basis: 100%; display: flex; justify-content: space-between;\">\n        <span style=\"color: #999999;\">Kompatibilit\u00e4t:<\/span><br \/>\n        <strong style=\"text-align: right; flex-grow: 1;\">16 Stunden Spielzeit und 8 GB Speicherkapazit\u00e4t<\/strong>\n    <\/div>\n<div style=\"flex-basis: 100%; display: flex; justify-content: space-between;\">\n        <span style=\"color: #999999;\">Wasserdicht:<\/span><br \/>\n        <strong style=\"text-align: right; flex-grow: 1;\">Bis zu 2,5 m wasserdicht 100%<\/strong>\n    <\/div>\n<div style=\"flex-basis: 100%; display: flex; justify-content: space-between;\">\n        <span style=\"color: #999999;\">Lebenserwartung:<\/span><br \/>\n        <strong style=\"text-align: right; flex-grow: 1;\">Ca. 4-5 Jahre<\/strong>\n    <\/div>\n<div style=\"flex-basis: 100%; display: flex; justify-content: space-between;\">\n        <span style=\"color: #999999;\">Handgriff:<\/span><br \/>\n        <strong style=\"text-align: right; flex-grow: 1;\">I-Grip<\/strong>\n    <\/div>\n<div style=\"flex-basis: 100%; display: flex; justify-content: space-between;\">\n        <span style=\"color: #999999;\">Lanyard mit Clip:<\/span><br \/>\n        <strong style=\"text-align: right; flex-grow: 1;\">Nein<\/strong>\n    <\/div>\n<div style=\"flex-basis: 100%; display: flex; justify-content: space-between;\">\n        <span style=\"color: #999999;\">Anzahl der Farben:<\/span><br \/>\n        <strong style=\"text-align: right; flex-grow: 1;\">10<\/strong>\n    <\/div>\n<\/div>","protected":false},"excerpt":{"rendered":"<ul>\n<li>Einzigartiges superweiches, schwimmendes Material<\/li>\n<li>Inklusive wasserdichtem 8 GB MP3-Player<\/li>\n<li>Geeignet f\u00fcr langfristigen und t\u00e4glichen Gebrauch<\/li>\n<li>Anti-allergische Beschichtung<\/li>\n<li>Optimale Passform<\/li>\n<li>Langlebig (h\u00e4lt l\u00e4nger als Universal- oder Einweg-Ohrst\u00f6psel)<\/li>\n<li><span class=\"a-list-item\">Musik beim Schwimmen: der beste wasserdichte mp3-Player f\u00fcr Surfer oder Marathonschwimmer. Superkompakt: Dank des freih\u00e4ndig zu bedienenden Clips l\u00e4sst sich der Player ganz einfach z. B. an der Schwimmbrille befestigen. Einfach zu bedienen.<\/span><\/li>\n<li><span class=\"a-list-item\">Hervorragende Klangqualit\u00e4t: Mit fortschrittlicher Rauschunterdr\u00fcckungstechnologie und besserer Klangqualit\u00e4t als die meisten anderen wasserdichten mp3-Player. G<\/span><span class=\"a-list-item\">undiet ohne Verzerrung Ihrer Lieblingsmusik beim Schwimmen, Surfen, Laufen und anderen Aktivit\u00e4ten.<\/span><\/li>\n<li><span class=\"a-list-item\">Hohe Kompatibilit\u00e4t: 16 Stunden Spielzeit und eine Speicherkapazit\u00e4t von 8 GB, die f\u00fcr mehr als 2.000 Songs ausreicht, kompatibel mit den meisten Audioformaten, z. B. MP3, FLAC, WMA, APE (keine Konvertierungssoftware erforderlich).<\/span><\/li>\n<li><span class=\"a-list-item\">100% wasserdicht - bis zu 2,5 Meter 100% wasserdicht. Mit vergoldeter Stereobuchse zum Schutz vor Korrosion. Wasserdichtigkeitsgrad: IPX8.<\/span><\/li>\n<li><\/li>\n<\/ul>","protected":false},"featured_media":823,"comment_status":"open","ping_status":"closed","template":"","meta":[],"product_cat":[17],"product_tag":[],"class_list":{"0":"post-573","1":"product","2":"type-product","3":"status-publish","4":"has-post-thumbnail","6":"product_cat-zie-specificaties","7":"pa_color-blue","8":"pa_color-red","10":"first","11":"instock","12":"shipping-taxable","13":"product-type-simple"},"_links":{"self":[{"href":"https:\/\/earplugz.com\/de\/wp-json\/wp\/v2\/product\/573","targetHints":{"allow":["GET"]}}],"collection":[{"href":"https:\/\/earplugz.com\/de\/wp-json\/wp\/v2\/product"}],"about":[{"href":"https:\/\/earplugz.com\/de\/wp-json\/wp\/v2\/types\/product"}],"replies":[{"embeddable":true,"href":"https:\/\/earplugz.com\/de\/wp-json\/wp\/v2\/comments?post=573"}],"wp:featuredmedia":[{"embeddable":true,"href":"https:\/\/earplugz.com\/de\/wp-json\/wp\/v2\/media\/823"}],"wp:attachment":[{"href":"https:\/\/earplugz.com\/de\/wp-json\/wp\/v2\/media?parent=573"}],"wp:term":[{"taxonomy":"product_cat","embeddable":true,"href":"https:\/\/earplugz.com\/de\/wp-json\/wp\/v2\/product_cat?post=573"},{"taxonomy":"product_tag","embeddable":true,"href":"https:\/\/earplugz.com\/de\/wp-json\/wp\/v2\/product_tag?post=573"}],"curies":[{"name":"wp","href":"https:\/\/api.w.org\/{rel}","templated":true}]}}