{"id":732,"date":"2023-11-14T12:32:12","date_gmt":"2023-11-14T12:32:12","guid":{"rendered":"https:\/\/earplugz.com\/?page_id=732"},"modified":"2023-11-15T08:40:56","modified_gmt":"2023-11-15T08:40:56","slug":"aanmeting","status":"publish","type":"page","link":"https:\/\/earplugz.com\/de\/kurse\/montage\/","title":{"rendered":"Montage"},"content":{"rendered":"<section class=\"bde-section-732-100 bde-section\">\n  \n\t\n\n\n\n<div class=\"section-container\"><div class=\"bde-columns-732-101 bde-columns\"><div class=\"bde-column-732-104 bde-column\">\n  \n\t\n\n\n\n<h1 class=\"bde-heading-732-109 bde-heading\">\nKurs Druckgrafik f\u00fcr Otoplastiker: Theorie und Praxis\n<\/h1>\n<\/div><\/div><\/div>\n<\/section><section class=\"bde-section-732-111 bde-section\">\n  \n\t\n\n\n\n<div class=\"section-container\"><div class=\"bde-columns-732-112 bde-columns\"><div class=\"bde-column-732-113 bde-column\">\n  \n\t\n\n\n\n<h6 class=\"bde-heading-732-114 bde-heading\">\n\u00fcber\n<\/h6><div class=\"bde-text-732-115 bde-text\">\nEntdecken Sie die Kunst der Abdrucknahme f\u00fcr Otoplastiken in unserem umfassenden und interaktiven Kurs. Egal, ob Sie ein erfahrener Audiologe oder ein Berufsanf\u00e4nger sind, dieser Kurs vermittelt wertvolles Wissen und praktische F\u00e4higkeiten, um hochwertige Abdr\u00fccke f\u00fcr Geh\u00f6rschutzger\u00e4te herzustellen.\n<\/div><div class=\"bde-columns-732-117 bde-columns\"><div class=\"bde-column-732-118 bde-column\">\n  \n\t\n\n\n\n<h1 class=\"bde-heading-732-116 bde-heading\">\nWas k\u00f6nnen Sie erwarten?\n<\/h1>\n<\/div><\/div>\n<\/div><\/div><div class=\"bde-columns-732-120 bde-columns\"><div class=\"bde-column-732-121 bde-column\">\n  \n\t\n\n\n\n<div class=\"bde-image-box-732-124 bde-image-box\">\n<div class=\"ee-imagebox-image\">\n        \n  \n  \n  \n  \n      \n      <img loading=\"lazy\" decoding=\"async\"\n      class=\"breakdance-image-object\"\n      src=\"https:\/\/earplugz.com\/wp-content\/uploads\/2023\/11\/01-57-47.png\"\n      width=\"52\"\n      height=\"47\"\n      \n      \n                                      >\n  \n<\/div>\n<div class=\"ee-imagebox-content\">\n      <h3 class=\"ee-imagebox-title\" >Theoretische Tiefe<\/h3>\n    \n      <div class=\"ee-imagebox-text\" >Unser Kurs beginnt mit einer soliden theoretischen Grundlage. Wir behandeln die Anatomie des Ohrs, die Materialien f\u00fcr Abdr\u00fccke und die verschiedenen Techniken, die dabei verwendet werden.<\/div>\n    \n  <\/div>\n\n<\/div>\n<\/div><div class=\"bde-column-732-122 bde-column\">\n  \n\t\n\n\n\n<div class=\"bde-image-732-125 bde-image\">\n  \n\n\n\n\n\n<figure class=\"breakdance-image breakdance-image--748\">\n\t<div class=\"breakdance-image-container\">\n\t\t<div class=\"breakdance-image-clip\">\n\t\t\t\n\t\t\t\t\n\t\t\t\t\t      \n  \n  \n  \n  \n      \n      <img loading=\"lazy\" decoding=\"async\"\n      class=\"breakdance-image-object\"\n      src=\"https:\/\/earplugz.com\/wp-content\/uploads\/2023\/11\/img-1-1.png\"\n      width=\"890\"\n      height=\"350\"\n      \n      \n                                    srcset=\"https:\/\/earplugz.com\/wp-content\/uploads\/2023\/11\/img-1-1.png 890w, https:\/\/earplugz.com\/wp-content\/uploads\/2023\/11\/img-1-1-300x118.png 300w, https:\/\/earplugz.com\/wp-content\/uploads\/2023\/11\/img-1-1-768x302.png 768w, https:\/\/earplugz.com\/wp-content\/uploads\/2023\/11\/img-1-1-600x236.png 600w\"\n                                                                      >\n  \n\n\t\t\t\t\t\n\t\t\t\t\t\t<\/div>\n\t<\/div>\n\n\t<\/figure>\n\n<\/div>\n<\/div><\/div><div class=\"bde-columns-732-126 bde-columns\"><div class=\"bde-column-732-127 bde-column\">\n  \n\t\n\n\n\n<div class=\"bde-image-box-732-128 bde-image-box\">\n<div class=\"ee-imagebox-image\">\n        \n  \n  \n  \n  \n      \n      <img loading=\"lazy\" decoding=\"async\"\n      class=\"breakdance-image-object\"\n      src=\"https:\/\/earplugz.com\/wp-content\/uploads\/2023\/11\/02.png\"\n      width=\"72\"\n      height=\"48\"\n      \n      \n                                                                  >\n  \n<\/div>\n<div class=\"ee-imagebox-content\">\n      <h3 class=\"ee-imagebox-title\" >Praktische Anwendung<\/h3>\n    \n      <div class=\"ee-imagebox-text\" >Aber wir gehen \u00fcber die Theorie hinaus. Unsere erfahrenen Ausbilder f\u00fchren Sie durch den gesamten Prozess der Abdrucknahme, von der Vorbereitung des Patienten bis zum Abdrucknehmen. Praktische Erfahrung ist wichtig, um Ihr Selbstvertrauen und Ihre F\u00e4higkeiten zu verbessern.<\/div>\n    \n  <\/div>\n\n<\/div>\n<\/div><div class=\"bde-column-732-129 bde-column\">\n  \n\t\n\n\n\n<div class=\"bde-image-732-130 bde-image\">\n  \n\n\n\n\n\n<figure class=\"breakdance-image breakdance-image--749\">\n\t<div class=\"breakdance-image-container\">\n\t\t<div class=\"breakdance-image-clip\">\n\t\t\t\n\t\t\t\t\n\t\t\t\t\t      \n  \n  \n  \n  \n      \n      <img loading=\"lazy\" decoding=\"async\"\n      class=\"breakdance-image-object\"\n      src=\"https:\/\/earplugz.com\/wp-content\/uploads\/2023\/11\/img-2-1.png\"\n      width=\"890\"\n      height=\"350\"\n      \n      \n                                    srcset=\"https:\/\/earplugz.com\/wp-content\/uploads\/2023\/11\/img-2-1.png 890w, https:\/\/earplugz.com\/wp-content\/uploads\/2023\/11\/img-2-1-300x118.png 300w, https:\/\/earplugz.com\/wp-content\/uploads\/2023\/11\/img-2-1-768x302.png 768w, https:\/\/earplugz.com\/wp-content\/uploads\/2023\/11\/img-2-1-600x236.png 600w\"\n                                                                      >\n  \n\n\t\t\t\t\t\n\t\t\t\t\t\t<\/div>\n\t<\/div>\n\n\t<\/figure>\n\n<\/div>\n<\/div><\/div><div class=\"bde-columns-732-131 bde-columns\"><div class=\"bde-column-732-132 bde-column\">\n  \n\t\n\n\n\n<div class=\"bde-image-box-732-133 bde-image-box\">\n<div class=\"ee-imagebox-image\">\n        \n  \n  \n  \n  \n      \n      <img loading=\"lazy\" decoding=\"async\"\n      class=\"breakdance-image-object\"\n      src=\"https:\/\/earplugz.com\/wp-content\/uploads\/2023\/11\/03.png\"\n      width=\"71\"\n      height=\"49\"\n      \n      \n                                                                  >\n  \n<\/div>\n<div class=\"ee-imagebox-content\">\n      <h3 class=\"ee-imagebox-title\" >Fortschrittliche Technologie<\/h3>\n    \n      <div class=\"ee-imagebox-text\" >Wir halten uns auf dem Laufenden \u00fcber die neuesten Technologien und Materialien in der Audiologiebranche. Lernen Sie, wie Sie moderne Ger\u00e4te effektiv einsetzen k\u00f6nnen, um die Genauigkeit und Pr\u00e4zision Ihrer Abdr\u00fccke zu verbessern.<\/div>\n    \n  <\/div>\n\n<\/div>\n<\/div><div class=\"bde-column-732-134 bde-column\">\n  \n\t\n\n\n\n<div class=\"bde-image-732-135 bde-image\">\n  \n\n\n\n\n\n<figure class=\"breakdance-image breakdance-image--750\">\n\t<div class=\"breakdance-image-container\">\n\t\t<div class=\"breakdance-image-clip\">\n\t\t\t\n\t\t\t\t\n\t\t\t\t\t      \n  \n  \n  \n  \n      \n      <img loading=\"lazy\" decoding=\"async\"\n      class=\"breakdance-image-object\"\n      src=\"https:\/\/earplugz.com\/wp-content\/uploads\/2023\/11\/img-3-1.png\"\n      width=\"890\"\n      height=\"350\"\n      \n      \n                                    srcset=\"https:\/\/earplugz.com\/wp-content\/uploads\/2023\/11\/img-3-1.png 890w, https:\/\/earplugz.com\/wp-content\/uploads\/2023\/11\/img-3-1-300x118.png 300w, https:\/\/earplugz.com\/wp-content\/uploads\/2023\/11\/img-3-1-768x302.png 768w, https:\/\/earplugz.com\/wp-content\/uploads\/2023\/11\/img-3-1-600x236.png 600w\"\n                                                                      >\n  \n\n\t\t\t\t\t\n\t\t\t\t\t\t<\/div>\n\t<\/div>\n\n\t<\/figure>\n\n<\/div>\n<\/div><\/div><\/div>\n<\/section><section class=\"bde-section-732-136 bde-section\">\n  \n\t\n\n\n\n<div class=\"section-container\"><h1 class=\"bde-heading-732-146 bde-heading\">\nWarum unseren Kurs w\u00e4hlen?\n<\/h1><div class=\"bde-columns-732-137 bde-columns\"><div class=\"bde-column-732-138 bde-column\">\n  \n\t\n\n\n\n<div class=\"bde-image-box-732-139 bde-image-box\">\n<div class=\"ee-imagebox-image\">\n        \n  \n  \n  \n  \n      \n      <img loading=\"lazy\" decoding=\"async\"\n      class=\"breakdance-image-object\"\n      src=\"https:\/\/earplugz.com\/wp-content\/uploads\/2023\/11\/Group-1.png\"\n      width=\"60\"\n      height=\"60\"\n      \n      \n                                    srcset=\"https:\/\/earplugz.com\/wp-content\/uploads\/2023\/11\/Group-1.png 60w, https:\/\/earplugz.com\/wp-content\/uploads\/2023\/11\/Group-1-50x50.png 50w\"\n                                                                      >\n  \n<\/div>\n<div class=\"ee-imagebox-content\">\n      <h3 class=\"ee-imagebox-title\" >Fachkundige Ausbilder<\/h3>\n    \n      <div class=\"ee-imagebox-text\" >Unsere Dozenten verf\u00fcgen \u00fcber jahrelange Erfahrung in der Audiologie und m\u00f6chten ihr Wissen gerne mit Ihnen teilen.<\/div>\n    \n  <\/div>\n\n<\/div>\n<\/div><div class=\"bde-column-732-148 bde-column\">\n  \n\t\n\n\n\n<div class=\"bde-image-box-732-149 bde-image-box\">\n<div class=\"ee-imagebox-image\">\n        \n  \n  \n  \n  \n      \n      <img loading=\"lazy\" decoding=\"async\"\n      class=\"breakdance-image-object\"\n      src=\"https:\/\/earplugz.com\/wp-content\/uploads\/2023\/11\/icon-3.png\"\n      width=\"60\"\n      height=\"60\"\n      \n      \n                                    srcset=\"https:\/\/earplugz.com\/wp-content\/uploads\/2023\/11\/icon-3.png 60w, https:\/\/earplugz.com\/wp-content\/uploads\/2023\/11\/icon-3-50x50.png 50w\"\n                                                                      >\n  \n<\/div>\n<div class=\"ee-imagebox-content\">\n      <h3 class=\"ee-imagebox-title\" >Kleine Gruppen<\/h3>\n    \n      <div class=\"ee-imagebox-text\" >Wir halten unsere Klassen klein, damit Sie pers\u00f6nlich betreut werden und Fragen stellen k\u00f6nnen.<\/div>\n    \n  <\/div>\n\n<\/div>\n<\/div><div class=\"bde-column-732-151 bde-column\">\n  \n\t\n\n\n\n<div class=\"bde-image-box-732-152 bde-image-box\">\n<div class=\"ee-imagebox-image\">\n        \n  \n  \n  \n  \n      \n      <img loading=\"lazy\" decoding=\"async\"\n      class=\"breakdance-image-object\"\n      src=\"https:\/\/earplugz.com\/wp-content\/uploads\/2023\/11\/icon-1-1.png\"\n      width=\"60\"\n      height=\"60\"\n      \n      \n                                    srcset=\"https:\/\/earplugz.com\/wp-content\/uploads\/2023\/11\/icon-1-1.png 60w, https:\/\/earplugz.com\/wp-content\/uploads\/2023\/11\/icon-1-1-50x50.png 50w\"\n                                                                      >\n  \n<\/div>\n<div class=\"ee-imagebox-content\">\n      <h3 class=\"ee-imagebox-title\" >Zertifizierung<\/h3>\n    \n      <div class=\"ee-imagebox-text\" >Nach erfolgreichem Abschluss des Kurses erhalten Sie ein Zertifikat, das Ihnen Ihre Kompetenz in der Abdrucknahme f\u00fcr Otoplastiken best\u00e4tigt.<\/div>\n    \n  <\/div>\n\n<\/div>\n<\/div><div class=\"bde-column-732-153 bde-column\">\n  \n\t\n\n\n\n<div class=\"bde-image-box-732-154 bde-image-box\">\n<div class=\"ee-imagebox-image\">\n        \n  \n  \n  \n  \n      \n      <img loading=\"lazy\" decoding=\"async\"\n      class=\"breakdance-image-object\"\n      src=\"https:\/\/earplugz.com\/wp-content\/uploads\/2023\/11\/icon-4.png\"\n      width=\"60\"\n      height=\"60\"\n      \n      \n                                    srcset=\"https:\/\/earplugz.com\/wp-content\/uploads\/2023\/11\/icon-4.png 60w, https:\/\/earplugz.com\/wp-content\/uploads\/2023\/11\/icon-4-50x50.png 50w\"\n                                                                      >\n  \n<\/div>\n<div class=\"ee-imagebox-content\">\n      <h3 class=\"ee-imagebox-title\" >F\u00e4higkeiten des Netzes<\/h3>\n    \n      <div class=\"ee-imagebox-text\" >W\u00e4hrend des Kurses haben Sie die M\u00f6glichkeit, sich mit anderen Audiologen und Fachleuten aus der Branche auszutauschen.<\/div>\n    \n  <\/div>\n\n<\/div>\n<\/div><\/div><\/div>\n<\/section><section class=\"bde-section-732-166 bde-section\">\n  \n\t\n\n\n\n<div class=\"section-container\"><h1 class=\"bde-heading-732-160 bde-heading\">\nSichern Sie den Geh\u00f6rschutz und die Zufriedenheit Ihrer Patienten mit den besten Abdr\u00fccken der Branche.\n<\/h1><div class=\"bde-text-732-161 bde-text\">\nJetzt anmelden f\u00fcr den Kurs Druckgrafik f\u00fcr Otoplastiker <br>und bringen Sie Ihre Kenntnisse und F\u00e4higkeiten auf die n\u00e4chste Stufe. \n<\/div><div class=\"bde-columns-732-168 bde-columns\"><div class=\"bde-column-732-169 bde-column\">\n  \n\t\n\n\n\n<div class=\"bde-button-732-167 bde-button button-product-cont header-top-button\">\n    \n                                    \n    \n    \n    \n    \n            \n            <button type=\"button\" class=\"button-atom button-atom--custom bde-button__button\"  >\n    \n        <span class=\"button-atom__text\">Kontakt aufnehmen<\/span>\n\n        \n        \n            <\/button>\n    \n\n\n<\/div>\n<\/div><\/div><\/div>\n<\/section><section class=\"bde-section-732-171 bde-section\">\n  \n\t\n\n\n\n<div class=\"section-container\"><div class=\"bde-columns-732-172 bde-columns\"><div class=\"bde-column-732-173 bde-column\">\n  \n\t\n\n\n\n<div class=\"bde-image-732-175 bde-image\">\n  \n\n\n\n\n\n<figure class=\"breakdance-image breakdance-image--764\">\n\t<div class=\"breakdance-image-container\">\n\t\t<div class=\"breakdance-image-clip\">\n\t\t\t\n\t\t\t\t\n\t\t\t\t\t      \n  \n  \n  \n  \n      \n      <img loading=\"lazy\" decoding=\"async\"\n      class=\"breakdance-image-object\"\n      src=\"https:\/\/earplugz.com\/wp-content\/uploads\/2023\/11\/1.png\"\n      width=\"435\"\n      height=\"400\"\n      \n      \n                                    srcset=\"https:\/\/earplugz.com\/wp-content\/uploads\/2023\/11\/1.png 435w, https:\/\/earplugz.com\/wp-content\/uploads\/2023\/11\/1-300x276.png 300w\"\n                                                                      >\n  \n\n\t\t\t\t\t\n\t\t\t\t\t\t<\/div>\n\t<\/div>\n\n\t<\/figure>\n\n<\/div>\n<\/div><div class=\"bde-column-732-176 bde-column\">\n  \n\t\n\n\n\n<div class=\"bde-image-732-177 bde-image\">\n  \n\n\n\n\n\n<figure class=\"breakdance-image breakdance-image--765\">\n\t<div class=\"breakdance-image-container\">\n\t\t<div class=\"breakdance-image-clip\">\n\t\t\t\n\t\t\t\t\n\t\t\t\t\t      \n  \n  \n  \n  \n      \n      <img loading=\"lazy\" decoding=\"async\"\n      class=\"breakdance-image-object\"\n      src=\"https:\/\/earplugz.com\/wp-content\/uploads\/2023\/11\/2.png\"\n      width=\"435\"\n      height=\"400\"\n      \n      \n                                    srcset=\"https:\/\/earplugz.com\/wp-content\/uploads\/2023\/11\/2.png 435w, https:\/\/earplugz.com\/wp-content\/uploads\/2023\/11\/2-300x276.png 300w\"\n                                                                      >\n  \n\n\t\t\t\t\t\n\t\t\t\t\t\t<\/div>\n\t<\/div>\n\n\t<\/figure>\n\n<\/div>\n<\/div><div class=\"bde-column-732-178 bde-column\">\n  \n\t\n\n\n\n<div class=\"bde-image-732-179 bde-image\">\n  \n\n\n\n\n\n<figure class=\"breakdance-image breakdance-image--766\">\n\t<div class=\"breakdance-image-container\">\n\t\t<div class=\"breakdance-image-clip\">\n\t\t\t\n\t\t\t\t\n\t\t\t\t\t      \n  \n  \n  \n  \n      \n      <img loading=\"lazy\" decoding=\"async\"\n      class=\"breakdance-image-object\"\n      src=\"https:\/\/earplugz.com\/wp-content\/uploads\/2023\/11\/3.png\"\n      width=\"435\"\n      height=\"400\"\n      \n      \n                                    srcset=\"https:\/\/earplugz.com\/wp-content\/uploads\/2023\/11\/3.png 435w, https:\/\/earplugz.com\/wp-content\/uploads\/2023\/11\/3-300x276.png 300w\"\n                                                                      >\n  \n\n\t\t\t\t\t\n\t\t\t\t\t\t<\/div>\n\t<\/div>\n\n\t<\/figure>\n\n<\/div>\n<\/div><div class=\"bde-column-732-180 bde-column\">\n  \n\t\n\n\n\n<div class=\"bde-image-732-181 bde-image\">\n  \n\n\n\n\n\n<figure class=\"breakdance-image breakdance-image--767\">\n\t<div class=\"breakdance-image-container\">\n\t\t<div class=\"breakdance-image-clip\">\n\t\t\t\n\t\t\t\t\n\t\t\t\t\t      \n  \n  \n  \n  \n      \n      <img loading=\"lazy\" decoding=\"async\"\n      class=\"breakdance-image-object\"\n      src=\"https:\/\/earplugz.com\/wp-content\/uploads\/2023\/11\/4.png\"\n      width=\"445\"\n      height=\"400\"\n      \n      \n                                    srcset=\"https:\/\/earplugz.com\/wp-content\/uploads\/2023\/11\/4.png 445w, https:\/\/earplugz.com\/wp-content\/uploads\/2023\/11\/4-300x270.png 300w\"\n                                                                      >\n  \n\n\t\t\t\t\t\n\t\t\t\t\t\t<\/div>\n\t<\/div>\n\n\t<\/figure>\n\n<\/div>\n<\/div><\/div><\/div>\n<\/section>","protected":false},"excerpt":{"rendered":"<p>Cursus Afdrukken Maken voor Otoplastieken: Theorie en Praktijk about Ontdek de kunst van afdrukken maken voor otoplastieken met onze uitgebreide en interactieve cursus. Of je nu een ervaren audioloog bent of net begint in het vak, deze cursus biedt waardevolle kennis en praktische vaardigheden om hoogwaardige afdrukken te produceren voor gehoorbeschermingsmiddelen. Wat kun je verwachten? [&hellip;]<\/p>","protected":false},"author":1,"featured_media":0,"parent":717,"menu_order":0,"comment_status":"closed","ping_status":"closed","template":"","meta":{"_breakdance_hide_in_design_set":false,"_breakdance_tags":"","footnotes":""},"class_list":["post-732","page","type-page","status-publish","hentry"],"_links":{"self":[{"href":"https:\/\/earplugz.com\/de\/wp-json\/wp\/v2\/pages\/732","targetHints":{"allow":["GET"]}}],"collection":[{"href":"https:\/\/earplugz.com\/de\/wp-json\/wp\/v2\/pages"}],"about":[{"href":"https:\/\/earplugz.com\/de\/wp-json\/wp\/v2\/types\/page"}],"author":[{"embeddable":true,"href":"https:\/\/earplugz.com\/de\/wp-json\/wp\/v2\/users\/1"}],"replies":[{"embeddable":true,"href":"https:\/\/earplugz.com\/de\/wp-json\/wp\/v2\/comments?post=732"}],"version-history":[{"count":19,"href":"https:\/\/earplugz.com\/de\/wp-json\/wp\/v2\/pages\/732\/revisions"}],"predecessor-version":[{"id":803,"href":"https:\/\/earplugz.com\/de\/wp-json\/wp\/v2\/pages\/732\/revisions\/803"}],"up":[{"embeddable":true,"href":"https:\/\/earplugz.com\/de\/wp-json\/wp\/v2\/pages\/717"}],"wp:attachment":[{"href":"https:\/\/earplugz.com\/de\/wp-json\/wp\/v2\/media?parent=732"}],"curies":[{"name":"wp","href":"https:\/\/api.w.org\/{rel}","templated":true}]}}