{"id":573,"date":"2023-11-10T07:02:05","date_gmt":"2023-11-10T07:02:05","guid":{"rendered":"https:\/\/earplugz.com\/?post_type=product&#038;p=573"},"modified":"2023-11-21T15:26:08","modified_gmt":"2023-11-21T15:26:08","slug":"dry-music","status":"publish","type":"product","link":"https:\/\/earplugz.com\/da\/product\/tor-musik\/","title":{"rendered":"T\u00f8r musik"},"content":{"rendered":"<div style=\"display: flex; flex-wrap: wrap;\">\n<div style=\"flex-basis: 100%; display: flex; justify-content: space-between;\">\n        <span style=\"color: #999999;\">Materiale:<\/span><br \/>\n        <strong style=\"text-align: right; flex-grow: 1;\">Flydende og ikke-flydende silikone<\/strong>\n    <\/div>\n<div style=\"flex-basis: 100%; display: flex; justify-content: space-between;\">\n        <span style=\"color: #999999;\">Filter (d\u00e6mpning):<\/span><br \/>\n        <strong style=\"text-align: right; flex-grow: 1;\">1 slags<\/strong>\n    <\/div>\n<div style=\"flex-basis: 100%; display: flex; justify-content: space-between;\">\n        <span style=\"color: #999999;\">Kompatibilitet:<\/span><br \/>\n        <strong style=\"text-align: right; flex-grow: 1;\">16 timers spilletid og 8 GB lagerkapacitet<\/strong>\n    <\/div>\n<div style=\"flex-basis: 100%; display: flex; justify-content: space-between;\">\n        <span style=\"color: #999999;\">Vandt\u00e6t:<\/span><br \/>\n        <strong style=\"text-align: right; flex-grow: 1;\">Op til 2,5 meter 100% vandt\u00e6t<\/strong>\n    <\/div>\n<div style=\"flex-basis: 100%; display: flex; justify-content: space-between;\">\n        <span style=\"color: #999999;\">Levetid:<\/span><br \/>\n        <strong style=\"text-align: right; flex-grow: 1;\">Ca. 4-5 \u00e5r<\/strong>\n    <\/div>\n<div style=\"flex-basis: 100%; display: flex; justify-content: space-between;\">\n        <span style=\"color: #999999;\">H\u00e5ndtag:<\/span><br \/>\n        <strong style=\"text-align: right; flex-grow: 1;\">I-Grip<\/strong>\n    <\/div>\n<div style=\"flex-basis: 100%; display: flex; justify-content: space-between;\">\n        <span style=\"color: #999999;\">N\u00f8glesnor med clips:<\/span><br \/>\n        <strong style=\"text-align: right; flex-grow: 1;\">Nej, det er det ikke<\/strong>\n    <\/div>\n<div style=\"flex-basis: 100%; display: flex; justify-content: space-between;\">\n        <span style=\"color: #999999;\">Antal farver:<\/span><br \/>\n        <strong style=\"text-align: right; flex-grow: 1;\">10<\/strong>\n    <\/div>\n<\/div>","protected":false},"excerpt":{"rendered":"<ul>\n<li>Unikt superbl\u00f8dt, flydende materiale<\/li>\n<li>Vandt\u00e6t 8 GB MP3-afspiller medf\u00f8lger<\/li>\n<li>Velegnet til langvarig og daglig brug<\/li>\n<li>Anti-allergisk bel\u00e6gning<\/li>\n<li>Optimal pasform<\/li>\n<li>Holdbar (holder l\u00e6ngere end universal- eller engangs\u00f8repropper)<\/li>\n<li><span class=\"a-list-item\">Musik under sv\u00f8mning: den bedste vandt\u00e6tte mp3-afspiller til surfere eller maratonsv\u00f8mmere. Superkompakt: Det h\u00e5ndfri clip-design g\u00f8r det nemt at fastg\u00f8re afspilleren til f.eks. sv\u00f8mmebriller. Nem at betjene.<\/span><\/li>\n<li><span class=\"a-list-item\">Fantastisk lydkvalitet: Har avanceret st\u00f8jreducerende teknologi og giver bedre lydkvalitet end de fleste andre vandt\u00e6tte mp3-afspillere. G<\/span><span class=\"a-list-item\">og stille uden forvr\u00e6ngning af din yndlingsmusik, mens du sv\u00f8mmer, surfer, l\u00f8ber og laver andre aktiviteter.<\/span><\/li>\n<li><span class=\"a-list-item\">H\u00f8j kompatibilitet: 16 timers spilletid og en lagerkapacitet p\u00e5 8 GB, som er god til over 2.000 sange, kompatibel med de fleste lydformater, f.eks. MP3, FLAC, WMA, APE (kr\u00e6ver ingen konverteringssoftware).<\/span><\/li>\n<li><span class=\"a-list-item\">100% vandt\u00e6t - op til 2,5 meter 100% vandt\u00e6t. Inkluderer guldbelagt stereostik, som beskytter mod korrosion. Vandt\u00e6thedsklasse: IPX8.<\/span><\/li>\n<li><\/li>\n<\/ul>","protected":false},"featured_media":823,"comment_status":"open","ping_status":"closed","template":"","meta":[],"product_cat":[17],"product_tag":[],"class_list":{"0":"post-573","1":"product","2":"type-product","3":"status-publish","4":"has-post-thumbnail","6":"product_cat-zie-specificaties","7":"pa_color-blue","8":"pa_color-red","10":"first","11":"instock","12":"shipping-taxable","13":"product-type-simple"},"_links":{"self":[{"href":"https:\/\/earplugz.com\/da\/wp-json\/wp\/v2\/product\/573","targetHints":{"allow":["GET"]}}],"collection":[{"href":"https:\/\/earplugz.com\/da\/wp-json\/wp\/v2\/product"}],"about":[{"href":"https:\/\/earplugz.com\/da\/wp-json\/wp\/v2\/types\/product"}],"replies":[{"embeddable":true,"href":"https:\/\/earplugz.com\/da\/wp-json\/wp\/v2\/comments?post=573"}],"wp:featuredmedia":[{"embeddable":true,"href":"https:\/\/earplugz.com\/da\/wp-json\/wp\/v2\/media\/823"}],"wp:attachment":[{"href":"https:\/\/earplugz.com\/da\/wp-json\/wp\/v2\/media?parent=573"}],"wp:term":[{"taxonomy":"product_cat","embeddable":true,"href":"https:\/\/earplugz.com\/da\/wp-json\/wp\/v2\/product_cat?post=573"},{"taxonomy":"product_tag","embeddable":true,"href":"https:\/\/earplugz.com\/da\/wp-json\/wp\/v2\/product_tag?post=573"}],"curies":[{"name":"wp","href":"https:\/\/api.w.org\/{rel}","templated":true}]}}