{"id":780,"date":"2023-11-14T13:54:37","date_gmt":"2023-11-14T13:54:37","guid":{"rendered":"https:\/\/earplugz.com\/?post_type=product&#038;p=780"},"modified":"2023-11-21T15:21:14","modified_gmt":"2023-11-21T15:21:14","slug":"active-shoot","status":"publish","type":"product","link":"https:\/\/earplugz.com\/cs\/product\/aktivni-nataceni\/","title":{"rendered":"Aktivn\u00ed st\u0159elba"},"content":{"rendered":"<div style=\"display: flex; flex-wrap: wrap;\">\n<div style=\"flex-basis: 100%; display: flex; justify-content: space-between;\">\n        <span style=\"color: #999999;\">Materi\u00e1l:<\/span><br \/>\n        <strong style=\"text-align: right; flex-grow: 1;\">Akryl<\/strong>\n    <\/div>\n<div style=\"flex-basis: 100%; display: flex; justify-content: space-between;\">\n        <span style=\"color: #999999;\">Voliteln\u00e1 frekven\u010dn\u00ed p\u00e1sma:<\/span><br \/>\n        <strong style=\"text-align: right; flex-grow: 1;\">12<\/strong>\n    <\/div>\n<div style=\"flex-basis: 100%; display: flex; justify-content: space-between;\">\n        <span style=\"color: #999999;\">\u00darove\u0148 krit\u00e9ria:<\/span><br \/>\n        <strong style=\"text-align: right; flex-grow: 1;\">H = 112 dB (A) M = 106 dB (A) L = 103 dB (A)<\/strong>\n    <\/div>\n<div style=\"flex-basis: 100%; display: flex; justify-content: space-between;\">\n        <span style=\"color: #999999;\">V\u00fddr\u017e baterie:<\/span><br \/>\n        <strong style=\"text-align: right; flex-grow: 1;\">cca 60 hodin<\/strong>\n    <\/div>\n<div style=\"flex-basis: 100%; display: flex; justify-content: space-between;\">\n        <span style=\"color: #999999;\">Elektronick\u00fd limit:<\/span><br \/>\n        <strong style=\"text-align: right; flex-grow: 1;\">M\u00e9n\u011b ne\u017e 10 milisekund<\/strong>\n    <\/div>\n<div style=\"flex-basis: 100%; display: flex; justify-content: space-between;\">\n        <span style=\"color: #999999;\">Hluk v\u011btru:<\/span><br \/>\n        <strong style=\"text-align: right; flex-grow: 1;\">Minimum<\/strong>\n    <\/div>\n<div style=\"flex-basis: 100%; display: flex; justify-content: space-between;\">\n        <span style=\"color: #999999;\">Lze p\u0159izp\u016fsobit ztr\u00e1t\u011b sluchu:<\/span><br \/>\n        <strong style=\"text-align: right; flex-grow: 1;\">Ano<\/strong>\n    <\/div>\n<div style=\"flex-basis: 100%; display: flex; justify-content: space-between;\">\n        <span style=\"color: #999999;\">Po\u010det barev:<\/span><br \/>\n        <strong style=\"text-align: right; flex-grow: 1;\">2<\/strong>\n    <\/div>\n<\/div>","protected":false},"excerpt":{"rendered":"<ul>\n<li>Ztlum\u00ed v\u00fdst\u0159ely a z\u00e1rove\u0148 zes\u00edl\u00ed okoln\u00ed hluk.<\/li>\n<li>Akrylov\u00fd (tvrd\u00fd) materi\u00e1l<\/li>\n<li>P\u0159izp\u016fsoben\u00e9 pro optim\u00e1ln\u00ed pohodl\u00ed p\u0159i no\u0161en\u00ed<\/li>\n<li>Lze p\u0159izp\u016fsobit ztr\u00e1t\u011b sluchu<\/li>\n<\/ul>","protected":false},"featured_media":826,"comment_status":"open","ping_status":"closed","template":"","meta":[],"product_cat":[17],"product_tag":[],"class_list":{"0":"post-780","1":"product","2":"type-product","3":"status-publish","4":"has-post-thumbnail","6":"product_cat-zie-specificaties","7":"pa_color-blue","8":"pa_color-red","10":"first","11":"instock","12":"shipping-taxable","13":"product-type-simple"},"_links":{"self":[{"href":"https:\/\/earplugz.com\/cs\/wp-json\/wp\/v2\/product\/780","targetHints":{"allow":["GET"]}}],"collection":[{"href":"https:\/\/earplugz.com\/cs\/wp-json\/wp\/v2\/product"}],"about":[{"href":"https:\/\/earplugz.com\/cs\/wp-json\/wp\/v2\/types\/product"}],"replies":[{"embeddable":true,"href":"https:\/\/earplugz.com\/cs\/wp-json\/wp\/v2\/comments?post=780"}],"wp:featuredmedia":[{"embeddable":true,"href":"https:\/\/earplugz.com\/cs\/wp-json\/wp\/v2\/media\/826"}],"wp:attachment":[{"href":"https:\/\/earplugz.com\/cs\/wp-json\/wp\/v2\/media?parent=780"}],"wp:term":[{"taxonomy":"product_cat","embeddable":true,"href":"https:\/\/earplugz.com\/cs\/wp-json\/wp\/v2\/product_cat?post=780"},{"taxonomy":"product_tag","embeddable":true,"href":"https:\/\/earplugz.com\/cs\/wp-json\/wp\/v2\/product_tag?post=780"}],"curies":[{"name":"wp","href":"https:\/\/api.w.org\/{rel}","templated":true}]}}