{"id":778,"date":"2023-11-14T13:53:53","date_gmt":"2023-11-14T13:53:53","guid":{"rendered":"https:\/\/earplugz.com\/?post_type=product&#038;p=778"},"modified":"2023-11-21T15:22:41","modified_gmt":"2023-11-21T15:22:41","slug":"in-ear-pro","status":"publish","type":"product","link":"https:\/\/earplugz.com\/cs\/product\/in-ear-pro\/","title":{"rendered":"In-Ear Pro"},"content":{"rendered":"<div style=\"display: flex; flex-wrap: wrap;\">\n<div style=\"flex-basis: 100%; display: flex; justify-content: space-between;\">\n        <span style=\"color: #999999;\">Materi\u00e1l:<\/span><br \/>\n        <strong style=\"text-align: right; flex-grow: 1;\">Akryl nebo silikon<\/strong>\n    <\/div>\n<div style=\"flex-basis: 100%; display: flex; justify-content: space-between;\">\n        <span style=\"color: #999999;\">Syst\u00e9m \u0159idi\u010de:<\/span><br \/>\n        <strong style=\"text-align: right; flex-grow: 1;\">1 a\u017e 6<\/strong>\n    <\/div>\n<div style=\"flex-basis: 100%; display: flex; justify-content: space-between;\">\n        <span style=\"color: #999999;\">Zvukov\u00e1 p\u0159\u00edroda:<\/span><br \/>\n        <strong style=\"text-align: right; flex-grow: 1;\">t\u011b\u017ek\u00e9 basy<\/strong>\n    <\/div>\n<div style=\"flex-basis: 100%; display: flex; justify-content: space-between;\">\n        <span style=\"color: #999999;\">D\u00e9lka \u017eivota:<\/span><br \/>\n        <strong style=\"text-align: right; flex-grow: 1;\">P\u0159ibli\u017en\u011b 4-5 let<\/strong>\n    <\/div>\n<div style=\"flex-basis: 100%; display: flex; justify-content: space-between;\">\n        <span style=\"color: #999999;\">Maxim\u00e1ln\u00ed v\u00fdkon:<\/span><br \/>\n        <strong style=\"text-align: right; flex-grow: 1;\">128 dB SPL<\/strong>\n    <\/div>\n<div style=\"flex-basis: 100%; display: flex; justify-content: space-between;\">\n        <span style=\"color: #999999;\">Frekven\u010dn\u00ed rozsah:<\/span><br \/>\n        <strong style=\"text-align: right; flex-grow: 1;\">10 Hz - 38 kHz<\/strong>\n    <\/div>\n<div style=\"flex-basis: 100%; display: flex; justify-content: space-between;\">\n        <span style=\"color: #999999;\">Po\u010det barev:<\/span><br \/>\n        <strong style=\"text-align: right; flex-grow: 1;\">8<\/strong>\n    <\/div>\n<\/div>","protected":false},"excerpt":{"rendered":"<ul>\n<li>6p\u00e1smov\u00fd reproduktor (s v\u00fdrazn\u00fdm pod\u00edlem bas\u016f)<\/li>\n<li>Zvukov\u00e1 charakteristika: siln\u00e9 basy<\/li>\n<li>Citlivost p\u0159i 1mW: 128dB SPL<\/li>\n<li>Impedance p\u0159i 1 kHz: 31,5 ohm\u016f<\/li>\n<li>Frekven\u010dn\u00ed rozsah: 10 Hz - 38 kHz<\/li>\n<li>Maxim\u00e1ln\u00ed v\u00fdkon: 128 dB SPL<\/li>\n<li>THD p\u0159i 94 dB SPL: 0,1%<\/li>\n<li>THD p\u0159i 100 dB SPL: 0,2%<\/li>\n<\/ul>","protected":false},"featured_media":834,"comment_status":"open","ping_status":"closed","template":"","meta":[],"product_cat":[17],"product_tag":[],"class_list":{"0":"post-778","1":"product","2":"type-product","3":"status-publish","4":"has-post-thumbnail","6":"product_cat-zie-specificaties","7":"pa_color-black","8":"pa_color-red","10":"first","11":"instock","12":"shipping-taxable","13":"product-type-simple"},"_links":{"self":[{"href":"https:\/\/earplugz.com\/cs\/wp-json\/wp\/v2\/product\/778","targetHints":{"allow":["GET"]}}],"collection":[{"href":"https:\/\/earplugz.com\/cs\/wp-json\/wp\/v2\/product"}],"about":[{"href":"https:\/\/earplugz.com\/cs\/wp-json\/wp\/v2\/types\/product"}],"replies":[{"embeddable":true,"href":"https:\/\/earplugz.com\/cs\/wp-json\/wp\/v2\/comments?post=778"}],"wp:featuredmedia":[{"embeddable":true,"href":"https:\/\/earplugz.com\/cs\/wp-json\/wp\/v2\/media\/834"}],"wp:attachment":[{"href":"https:\/\/earplugz.com\/cs\/wp-json\/wp\/v2\/media?parent=778"}],"wp:term":[{"taxonomy":"product_cat","embeddable":true,"href":"https:\/\/earplugz.com\/cs\/wp-json\/wp\/v2\/product_cat?post=778"},{"taxonomy":"product_tag","embeddable":true,"href":"https:\/\/earplugz.com\/cs\/wp-json\/wp\/v2\/product_tag?post=778"}],"curies":[{"name":"wp","href":"https:\/\/api.w.org\/{rel}","templated":true}]}}