{"id":772,"date":"2023-11-14T13:50:48","date_gmt":"2023-11-14T13:50:48","guid":{"rendered":"https:\/\/earplugz.com\/?post_type=product&#038;p=772"},"modified":"2023-11-21T15:38:32","modified_gmt":"2023-11-21T15:38:32","slug":"sleeves","status":"publish","type":"product","link":"https:\/\/earplugz.com\/cs\/product\/rukavy\/","title":{"rendered":"Ruk\u00e1vy"},"content":{"rendered":"<div style=\"display: flex; flex-wrap: wrap;\">\n<div style=\"flex-basis: 100%; display: flex; justify-content: space-between;\">\n        <span style=\"color: #999999;\">Materi\u00e1l:<\/span><br \/>\n        <strong style=\"text-align: right; flex-grow: 1;\">Silikon<\/strong>\n    <\/div>\n<div style=\"flex-basis: 100%; display: flex; justify-content: space-between;\">\n        <span style=\"color: #999999;\">Filtr (tlumen\u00ed):<\/span><br \/>\n        <strong style=\"text-align: right; flex-grow: 1;\">Ne<\/strong>\n    <\/div>\n<div style=\"flex-basis: 100%; display: flex; justify-content: space-between;\">\n        <span style=\"color: #999999;\">Vhodn\u00e9 pro mal\u00e9 zvukovody:<\/span><br \/>\n        <strong style=\"text-align: right; flex-grow: 1;\">Ano<\/strong>\n    <\/div>\n<div style=\"flex-basis: 100%; display: flex; justify-content: space-between;\">\n        <span style=\"color: #999999;\">D\u00e9lka \u017eivota:<\/span><br \/>\n        <strong style=\"text-align: right; flex-grow: 1;\">P\u0159ibli\u017en\u011b 4-5 let<\/strong>\n    <\/div>\n<div style=\"flex-basis: 100%; display: flex; justify-content: space-between;\">\n        <span style=\"color: #999999;\">Mo\u017en\u00e9 pro:<\/span><br \/>\n        <strong style=\"text-align: right; flex-grow: 1;\">Sennheiser, Apple airpods, Shure<\/strong>\n    <\/div>\n<div style=\"flex-basis: 100%; display: flex; justify-content: space-between;\">\n        <span style=\"color: #999999;\">Po\u010det barev:<\/span><br \/>\n        <strong style=\"text-align: right; flex-grow: 1;\">10<\/strong>\n    <\/div>\n<div style=\"flex-basis: 100%; display: flex; justify-content: space-between;\">\n        <span style=\"color: #999999;\">Zjistiteln\u00e9:<\/span><br \/>\n        <strong style=\"text-align: right; flex-grow: 1;\">Ne<\/strong>\n    <\/div>\n<\/div>","protected":false},"excerpt":{"rendered":"<ul>\n<li>P\u0159izp\u016fsobte si univerz\u00e1ln\u00ed \u0161punty do u\u0161\u00ed pomoc\u00ed vlastn\u00edho pouzdra<\/li>\n<li>Mimo jin\u00e9 je mo\u017en\u00e9 pro: Sennheiser, Apple airpods, Shure a mnoho dal\u0161\u00edch.<\/li>\n<li>P\u0159izp\u016fsoben\u00e9 pro optim\u00e1ln\u00ed pohodl\u00ed p\u0159i no\u0161en\u00ed<\/li>\n<li>Vhodn\u00e9 pro dlouhodob\u00e9 a ka\u017edodenn\u00ed pou\u017eit\u00ed<\/li>\n<\/ul>","protected":false},"featured_media":828,"comment_status":"open","ping_status":"closed","template":"","meta":[],"product_cat":[17],"product_tag":[],"class_list":{"0":"post-772","1":"product","2":"type-product","3":"status-publish","4":"has-post-thumbnail","6":"product_cat-zie-specificaties","7":"pa_color-black","8":"pa_color-blue","9":"pa_color-clear","10":"pa_color-green","11":"pa_color-orange","12":"pa_color-pink","13":"pa_color-purple","14":"pa_color-red","15":"pa_color-white","16":"pa_color-yellow","18":"first","19":"instock","20":"shipping-taxable","21":"product-type-simple"},"_links":{"self":[{"href":"https:\/\/earplugz.com\/cs\/wp-json\/wp\/v2\/product\/772","targetHints":{"allow":["GET"]}}],"collection":[{"href":"https:\/\/earplugz.com\/cs\/wp-json\/wp\/v2\/product"}],"about":[{"href":"https:\/\/earplugz.com\/cs\/wp-json\/wp\/v2\/types\/product"}],"replies":[{"embeddable":true,"href":"https:\/\/earplugz.com\/cs\/wp-json\/wp\/v2\/comments?post=772"}],"wp:featuredmedia":[{"embeddable":true,"href":"https:\/\/earplugz.com\/cs\/wp-json\/wp\/v2\/media\/828"}],"wp:attachment":[{"href":"https:\/\/earplugz.com\/cs\/wp-json\/wp\/v2\/media?parent=772"}],"wp:term":[{"taxonomy":"product_cat","embeddable":true,"href":"https:\/\/earplugz.com\/cs\/wp-json\/wp\/v2\/product_cat?post=772"},{"taxonomy":"product_tag","embeddable":true,"href":"https:\/\/earplugz.com\/cs\/wp-json\/wp\/v2\/product_tag?post=772"}],"curies":[{"name":"wp","href":"https:\/\/api.w.org\/{rel}","templated":true}]}}