{"id":770,"date":"2023-11-14T13:34:21","date_gmt":"2023-11-14T13:34:21","guid":{"rendered":"https:\/\/earplugz.com\/?post_type=product&#038;p=770"},"modified":"2023-11-21T15:31:55","modified_gmt":"2023-11-21T15:31:55","slug":"custom-soft","status":"publish","type":"product","link":"https:\/\/earplugz.com\/cs\/product\/vlastni-soft\/","title":{"rendered":"Custom Soft"},"content":{"rendered":"<div style=\"display: flex; flex-wrap: wrap;\">\n<div style=\"flex-basis: 100%; display: flex; justify-content: space-between;\">\n        <span style=\"color: #999999;\">Materi\u00e1l:<\/span><br \/>\n        <strong style=\"text-align: right; flex-grow: 1;\">Silikon<\/strong>\n    <\/div>\n<div style=\"flex-basis: 100%; display: flex; justify-content: space-between;\">\n        <span style=\"color: #999999;\">Filtr (tlumen\u00ed):<\/span><br \/>\n        <strong style=\"text-align: right; flex-grow: 1;\">4 typy<\/strong>\n    <\/div>\n<div style=\"flex-basis: 100%; display: flex; justify-content: space-between;\">\n        <span style=\"color: #999999;\">Antialergick\u00fd povlak:<\/span><br \/>\n        <strong style=\"text-align: right; flex-grow: 1;\">Ano<\/strong>\n    <\/div>\n<div style=\"flex-basis: 100%; display: flex; justify-content: space-between;\">\n        <span style=\"color: #999999;\">D\u00e9lka \u017eivota:<\/span><br \/>\n        <strong style=\"text-align: right; flex-grow: 1;\">P\u0159ibli\u017en\u011b 3-4 roky<\/strong>\n    <\/div>\n<div style=\"flex-basis: 100%; display: flex; justify-content: space-between;\">\n        <span style=\"color: #999999;\">Rukoje\u0165:<\/span><br \/>\n        <strong style=\"text-align: right; flex-grow: 1;\">Voliteln\u011b<\/strong>\n    <\/div>\n<div style=\"flex-basis: 100%; display: flex; justify-content: space-between;\">\n        <span style=\"color: #999999;\">\u0160\u0148\u016frka s klipem:<\/span><br \/>\n        <strong style=\"text-align: right; flex-grow: 1;\">Voliteln\u011b<\/strong>\n    <\/div>\n<div style=\"flex-basis: 100%; display: flex; justify-content: space-between;\">\n        <span style=\"color: #999999;\">Spojovac\u00ed ty\u010d k reproduktoru do u\u0161\u00ed:<\/span><br \/>\n        <strong style=\"text-align: right; flex-grow: 1;\">Ne<\/strong>\n    <\/div>\n<div style=\"flex-basis: 100%; display: flex; justify-content: space-between;\">\n        <span style=\"color: #999999;\">Po\u010det barev:<\/span><br \/>\n        <strong style=\"text-align: right; flex-grow: 1;\">10<\/strong>\n    <\/div>\n<div style=\"flex-basis: 100%; display: flex; justify-content: space-between;\">\n        <span style=\"color: #999999;\">Zjistiteln\u00e9:<\/span><br \/>\n        <strong style=\"text-align: right; flex-grow: 1;\">Voliteln\u011b<\/strong>\n    <\/div>\n<\/div>","protected":false},"excerpt":{"rendered":"<p>Materi\u00e1l: Silikonov\u00fd filtr (polstrov\u00e1n\u00ed): \u017divotnost: P\u0159ibli\u017en\u011b 3-4 roky Rukoje\u0165: 4 typy Antialergick\u00fd povlak: Ano: \u0160\u0148\u016fra s klipem: Po\u010det barev: 10 Detekovateln\u00e9: Voliteln\u011b Spojovac\u00ed ty\u010d k reproduktoru do u\u0161\u00ed: Ne: Voliteln\u011b:<\/p>","protected":false},"featured_media":971,"comment_status":"open","ping_status":"closed","template":"","meta":[],"product_cat":[17],"product_tag":[],"class_list":{"0":"post-770","1":"product","2":"type-product","3":"status-publish","4":"has-post-thumbnail","6":"product_cat-zie-specificaties","7":"pa_color-black","8":"pa_color-blue","9":"pa_color-clear","10":"pa_color-green","11":"pa_color-orange","12":"pa_color-pink","13":"pa_color-purple","14":"pa_color-red","15":"pa_color-white","16":"pa_color-yellow","18":"first","19":"instock","20":"shipping-taxable","21":"product-type-simple"},"_links":{"self":[{"href":"https:\/\/earplugz.com\/cs\/wp-json\/wp\/v2\/product\/770","targetHints":{"allow":["GET"]}}],"collection":[{"href":"https:\/\/earplugz.com\/cs\/wp-json\/wp\/v2\/product"}],"about":[{"href":"https:\/\/earplugz.com\/cs\/wp-json\/wp\/v2\/types\/product"}],"replies":[{"embeddable":true,"href":"https:\/\/earplugz.com\/cs\/wp-json\/wp\/v2\/comments?post=770"}],"wp:featuredmedia":[{"embeddable":true,"href":"https:\/\/earplugz.com\/cs\/wp-json\/wp\/v2\/media\/971"}],"wp:attachment":[{"href":"https:\/\/earplugz.com\/cs\/wp-json\/wp\/v2\/media?parent=770"}],"wp:term":[{"taxonomy":"product_cat","embeddable":true,"href":"https:\/\/earplugz.com\/cs\/wp-json\/wp\/v2\/product_cat?post=770"},{"taxonomy":"product_tag","embeddable":true,"href":"https:\/\/earplugz.com\/cs\/wp-json\/wp\/v2\/product_tag?post=770"}],"curies":[{"name":"wp","href":"https:\/\/api.w.org\/{rel}","templated":true}]}}