{"id":759,"date":"2023-11-14T13:12:08","date_gmt":"2023-11-14T13:12:08","guid":{"rendered":"https:\/\/earplugz.com\/?post_type=product&#038;p=759"},"modified":"2023-11-21T15:30:37","modified_gmt":"2023-11-21T15:30:37","slug":"custom-hard","status":"publish","type":"product","link":"https:\/\/earplugz.com\/cs\/product\/vlastni-hard\/","title":{"rendered":"Custom Hard"},"content":{"rendered":"<div style=\"display: flex; flex-wrap: wrap;\">\n<div style=\"flex-basis: 100%; display: flex; justify-content: space-between;\">\n        <span style=\"color: #999999;\">Materi\u00e1l:<\/span><br \/>\n        <strong style=\"text-align: right; flex-grow: 1;\">Akryl\u00a0<\/strong>\n    <\/div>\n<div style=\"flex-basis: 100%; display: flex; justify-content: space-between;\">\n        <span style=\"color: #999999;\">Filtr (tlumen\u00ed):<\/span><br \/>\n        <strong style=\"text-align: right; flex-grow: 1;\">4 typy<\/strong>\n    <\/div>\n<div style=\"flex-basis: 100%; display: flex; justify-content: space-between;\">\n        <span style=\"color: #999999;\">Antialergick\u00fd povlak:<\/span><br \/>\n        <strong style=\"text-align: right; flex-grow: 1;\">Ano<\/strong>\n    <\/div>\n<div style=\"flex-basis: 100%; display: flex; justify-content: space-between;\">\n        <span style=\"color: #999999;\">Vhodn\u00e9 pro mal\u00e9 zvukovody:<\/span><br \/>\n        <strong style=\"text-align: right; flex-grow: 1;\">Ano<\/strong>\n    <\/div>\n<div style=\"flex-basis: 100%; display: flex; justify-content: space-between;\">\n        <span style=\"color: #999999;\">D\u00e9lka \u017eivota:<\/span><br \/>\n        <strong style=\"text-align: right; flex-grow: 1;\">P\u0159ibli\u017en\u011b 4-5 let<\/strong>\n    <\/div>\n<div style=\"flex-basis: 100%; display: flex; justify-content: space-between;\">\n        <span style=\"color: #999999;\">Rukoje\u0165:<\/span><br \/>\n        <strong style=\"text-align: right; flex-grow: 1;\">Voliteln\u011b<\/strong>\n    <\/div>\n<div style=\"flex-basis: 100%; display: flex; justify-content: space-between;\">\n        <span style=\"color: #999999;\">\u0160\u0148\u016frka s klipem:<\/span><br \/>\n        <strong style=\"text-align: right; flex-grow: 1;\">Voliteln\u011b<\/strong>\n    <\/div>\n<div style=\"flex-basis: 100%; display: flex; justify-content: space-between;\">\n        <span style=\"color: #999999;\">Spojovac\u00ed ty\u010d k reproduktoru do u\u0161\u00ed:<\/span><br \/>\n        <strong style=\"text-align: right; flex-grow: 1;\">Ne<\/strong>\n    <\/div>\n<div style=\"flex-basis: 100%; display: flex; justify-content: space-between;\">\n        <span style=\"color: #999999;\">Po\u010det barev:<\/span><br \/>\n        <strong style=\"text-align: right; flex-grow: 1;\">4<\/strong>\n    <\/div>\n<div style=\"flex-basis: 100%; display: flex; justify-content: space-between;\">\n        <span style=\"color: #999999;\">Zjistiteln\u00e9:<\/span><br \/>\n        <strong style=\"text-align: right; flex-grow: 1;\">Voliteln\u011b<\/strong>\n    <\/div>\n<\/div>","protected":false},"excerpt":{"rendered":"<ul>\n<li>P\u0159izp\u016fsoben\u00e9 pro optim\u00e1ln\u00ed pohodl\u00ed p\u0159i no\u0161en\u00ed<\/li>\n<li>Vhodn\u00e9 pro dlouhodob\u00e9 a ka\u017edodenn\u00ed pou\u017eit\u00ed<\/li>\n<li>Antialergick\u00fd povlak<\/li>\n<\/ul>","protected":false},"featured_media":825,"comment_status":"open","ping_status":"closed","template":"","meta":[],"product_cat":[17],"product_tag":[],"class_list":{"0":"post-759","1":"product","2":"type-product","3":"status-publish","4":"has-post-thumbnail","6":"product_cat-zie-specificaties","7":"pa_color-black","8":"pa_color-blue","9":"pa_color-clear","10":"pa_color-red","12":"first","13":"instock","14":"shipping-taxable","15":"product-type-simple"},"_links":{"self":[{"href":"https:\/\/earplugz.com\/cs\/wp-json\/wp\/v2\/product\/759","targetHints":{"allow":["GET"]}}],"collection":[{"href":"https:\/\/earplugz.com\/cs\/wp-json\/wp\/v2\/product"}],"about":[{"href":"https:\/\/earplugz.com\/cs\/wp-json\/wp\/v2\/types\/product"}],"replies":[{"embeddable":true,"href":"https:\/\/earplugz.com\/cs\/wp-json\/wp\/v2\/comments?post=759"}],"wp:featuredmedia":[{"embeddable":true,"href":"https:\/\/earplugz.com\/cs\/wp-json\/wp\/v2\/media\/825"}],"wp:attachment":[{"href":"https:\/\/earplugz.com\/cs\/wp-json\/wp\/v2\/media?parent=759"}],"wp:term":[{"taxonomy":"product_cat","embeddable":true,"href":"https:\/\/earplugz.com\/cs\/wp-json\/wp\/v2\/product_cat?post=759"},{"taxonomy":"product_tag","embeddable":true,"href":"https:\/\/earplugz.com\/cs\/wp-json\/wp\/v2\/product_tag?post=759"}],"curies":[{"name":"wp","href":"https:\/\/api.w.org\/{rel}","templated":true}]}}