{"id":573,"date":"2023-11-10T07:02:05","date_gmt":"2023-11-10T07:02:05","guid":{"rendered":"https:\/\/earplugz.com\/?post_type=product&#038;p=573"},"modified":"2023-11-21T15:26:08","modified_gmt":"2023-11-21T15:26:08","slug":"dry-music","status":"publish","type":"product","link":"https:\/\/earplugz.com\/cs\/product\/sucha-hudba\/","title":{"rendered":"Such\u00e1 hudba"},"content":{"rendered":"<div style=\"display: flex; flex-wrap: wrap;\">\n<div style=\"flex-basis: 100%; display: flex; justify-content: space-between;\">\n        <span style=\"color: #999999;\">Materi\u00e1l:<\/span><br \/>\n        <strong style=\"text-align: right; flex-grow: 1;\">Plovouc\u00ed a neplovouc\u00ed silikon<\/strong>\n    <\/div>\n<div style=\"flex-basis: 100%; display: flex; justify-content: space-between;\">\n        <span style=\"color: #999999;\">Filtr (tlumen\u00ed):<\/span><br \/>\n        <strong style=\"text-align: right; flex-grow: 1;\">1 druh<\/strong>\n    <\/div>\n<div style=\"flex-basis: 100%; display: flex; justify-content: space-between;\">\n        <span style=\"color: #999999;\">Kompatibilita:<\/span><br \/>\n        <strong style=\"text-align: right; flex-grow: 1;\">16 hodin p\u0159ehr\u00e1v\u00e1n\u00ed a 8GB \u00falo\u017en\u00e1 kapacita<\/strong>\n    <\/div>\n<div style=\"flex-basis: 100%; display: flex; justify-content: space-between;\">\n        <span style=\"color: #999999;\">Vodot\u011bsnost:<\/span><br \/>\n        <strong style=\"text-align: right; flex-grow: 1;\">Vodot\u011bsnost do 2,5 m 100%<\/strong>\n    <\/div>\n<div style=\"flex-basis: 100%; display: flex; justify-content: space-between;\">\n        <span style=\"color: #999999;\">D\u00e9lka \u017eivota:<\/span><br \/>\n        <strong style=\"text-align: right; flex-grow: 1;\">P\u0159ibli\u017en\u011b 4-5 let<\/strong>\n    <\/div>\n<div style=\"flex-basis: 100%; display: flex; justify-content: space-between;\">\n        <span style=\"color: #999999;\">Rukoje\u0165:<\/span><br \/>\n        <strong style=\"text-align: right; flex-grow: 1;\">I-Grip<\/strong>\n    <\/div>\n<div style=\"flex-basis: 100%; display: flex; justify-content: space-between;\">\n        <span style=\"color: #999999;\">\u0160\u0148\u016frka s klipem:<\/span><br \/>\n        <strong style=\"text-align: right; flex-grow: 1;\">Ne<\/strong>\n    <\/div>\n<div style=\"flex-basis: 100%; display: flex; justify-content: space-between;\">\n        <span style=\"color: #999999;\">Po\u010det barev:<\/span><br \/>\n        <strong style=\"text-align: right; flex-grow: 1;\">10<\/strong>\n    <\/div>\n<\/div>","protected":false},"excerpt":{"rendered":"<ul>\n<li>Jedine\u010dn\u00fd super m\u011bkk\u00fd plovouc\u00ed materi\u00e1l<\/li>\n<li>Vodot\u011bsn\u00fd p\u0159ehr\u00e1va\u010d MP3 s kapacitou 8 GB v balen\u00ed<\/li>\n<li>Vhodn\u00e9 pro dlouhodob\u00e9 a ka\u017edodenn\u00ed pou\u017eit\u00ed<\/li>\n<li>Antialergick\u00fd povlak<\/li>\n<li>Optim\u00e1ln\u00ed p\u0159izp\u016fsoben\u00ed<\/li>\n<li>Trvanliv\u00e9 (vydr\u017e\u00ed d\u00e9le ne\u017e univerz\u00e1ln\u00ed nebo jednor\u00e1zov\u00e9 \u0161punty do u\u0161\u00ed)<\/li>\n<li><span class=\"a-list-item\">Hudba p\u0159i plav\u00e1n\u00ed: nejlep\u0161\u00ed vodot\u011bsn\u00fd mp3 p\u0159ehr\u00e1va\u010d pro surfa\u0159e nebo maratonsk\u00e9 plavce. Velmi kompaktn\u00ed: d\u00edky klipov\u00e9 konstrukci s hands-free lze p\u0159ehr\u00e1va\u010d snadno p\u0159ipevnit (nap\u0159\u00edklad) k plaveck\u00fdm br\u00fdl\u00edm. Snadn\u00e9 ovl\u00e1d\u00e1n\u00ed.<\/span><\/li>\n<li><span class=\"a-list-item\">Skv\u011bl\u00e1 kvalita zvuku: Je vybaven pokro\u010dilou technologi\u00ed potla\u010den\u00ed \u0161umu a nab\u00edz\u00ed lep\u0161\u00ed kvalitu zvuku ne\u017e v\u011bt\u0161ina ostatn\u00edch vodot\u011bsn\u00fdch p\u0159ehr\u00e1va\u010d\u016f mp3. G<\/span><span class=\"a-list-item\">bez zkreslen\u00ed va\u0161\u00ed obl\u00edben\u00e9 hudby p\u0159i plav\u00e1n\u00ed, surfov\u00e1n\u00ed, b\u011bhu a dal\u0161\u00edch aktivit\u00e1ch.<\/span><\/li>\n<li><span class=\"a-list-item\">Vysok\u00e1 kompatibilita: 16 hodin p\u0159ehr\u00e1v\u00e1n\u00ed a \u00falo\u017en\u00e1 kapacita 8 GB, co\u017e je kapacita pro v\u00edce ne\u017e 2 000 skladeb, kompatibiln\u00ed s v\u011bt\u0161inou zvukov\u00fdch form\u00e1t\u016f, nap\u0159. MP3, FLAC, WMA, APE (nen\u00ed nutn\u00fd \u017e\u00e1dn\u00fd konverzn\u00ed software).<\/span><\/li>\n<li><span class=\"a-list-item\">100% vodot\u011bsn\u00fd - do 2,5 m 100% vodot\u011bsn\u00fd. Obsahuje pozlacen\u00fd stereofonn\u00ed konektor, kter\u00fd chr\u00e1n\u00ed proti korozi. Stupe\u0148 vodot\u011bsnosti: IPX8.<\/span><\/li>\n<li><\/li>\n<\/ul>","protected":false},"featured_media":823,"comment_status":"open","ping_status":"closed","template":"","meta":[],"product_cat":[17],"product_tag":[],"class_list":{"0":"post-573","1":"product","2":"type-product","3":"status-publish","4":"has-post-thumbnail","6":"product_cat-zie-specificaties","7":"pa_color-blue","8":"pa_color-red","10":"first","11":"instock","12":"shipping-taxable","13":"product-type-simple"},"_links":{"self":[{"href":"https:\/\/earplugz.com\/cs\/wp-json\/wp\/v2\/product\/573","targetHints":{"allow":["GET"]}}],"collection":[{"href":"https:\/\/earplugz.com\/cs\/wp-json\/wp\/v2\/product"}],"about":[{"href":"https:\/\/earplugz.com\/cs\/wp-json\/wp\/v2\/types\/product"}],"replies":[{"embeddable":true,"href":"https:\/\/earplugz.com\/cs\/wp-json\/wp\/v2\/comments?post=573"}],"wp:featuredmedia":[{"embeddable":true,"href":"https:\/\/earplugz.com\/cs\/wp-json\/wp\/v2\/media\/823"}],"wp:attachment":[{"href":"https:\/\/earplugz.com\/cs\/wp-json\/wp\/v2\/media?parent=573"}],"wp:term":[{"taxonomy":"product_cat","embeddable":true,"href":"https:\/\/earplugz.com\/cs\/wp-json\/wp\/v2\/product_cat?post=573"},{"taxonomy":"product_tag","embeddable":true,"href":"https:\/\/earplugz.com\/cs\/wp-json\/wp\/v2\/product_tag?post=573"}],"curies":[{"name":"wp","href":"https:\/\/api.w.org\/{rel}","templated":true}]}}