{"id":567,"date":"2023-11-10T06:56:46","date_gmt":"2023-11-10T06:56:46","guid":{"rendered":"https:\/\/earplugz.com\/?post_type=product&#038;p=567"},"modified":"2023-11-21T15:15:17","modified_gmt":"2023-11-21T15:15:17","slug":"bluetooth-ears","status":"publish","type":"product","link":"https:\/\/earplugz.com\/cs\/product\/usi-bluetooth\/","title":{"rendered":"U\u0161i Bluetooth"},"content":{"rendered":"<div style=\"display: flex; flex-wrap: wrap;\">\n<div style=\"flex-basis: 100%; display: flex; justify-content: space-between;\">\n        <span style=\"color: #999999;\">Materi\u00e1l:<\/span><br \/>\n        <strong style=\"text-align: right; flex-grow: 1;\">Pru\u017en\u00fd silikon<\/strong>\n    <\/div>\n<div style=\"flex-basis: 100%; display: flex; justify-content: space-between;\">\n        <span style=\"color: #999999;\">Dynamick\u00fd frekven\u010dn\u00ed rozsah (Hz) :<\/span><br \/>\n        <strong style=\"text-align: right; flex-grow: 1;\">20Hz-20kHz<\/strong>\n    <\/div>\n<div style=\"flex-basis: 100%; display: flex; justify-content: space-between;\">\n        <span style=\"color: #999999;\">Citlivost ovlada\u010de p\u0159i 1 kHz\/1 mW (dB):<\/span><br \/>\n        <strong style=\"text-align: right; flex-grow: 1;\">102<\/strong>\n    <\/div>\n<div style=\"flex-basis: 100%; display: flex; justify-content: space-between;\">\n        <span style=\"color: #999999;\">Maxim\u00e1ln\u00ed doba p\u0159ehr\u00e1v\u00e1n\u00ed (hodiny):<\/span><br \/>\n        <strong style=\"text-align: right; flex-grow: 1;\">8<\/strong>\n    <\/div>\n<div style=\"flex-basis: 100%; display: flex; justify-content: space-between;\">\n        <span style=\"color: #999999;\">D\u00e9lka \u017eivota:<\/span><br \/>\n        <strong style=\"text-align: right; flex-grow: 1;\">P\u0159ibli\u017en\u011b 4-5 let<\/strong>\n    <\/div>\n<div style=\"flex-basis: 100%; display: flex; justify-content: space-between;\">\n        <span style=\"color: #999999;\">Rukoje\u0165:<\/span><br \/>\n        <strong style=\"text-align: right; flex-grow: 1;\">Voliteln\u011b<\/strong>\n    <\/div>\n<div style=\"flex-basis: 100%; display: flex; justify-content: space-between;\">\n        <span style=\"color: #999999;\">Vestav\u011bn\u00fd mikrofon:<\/span><br \/>\n        <strong style=\"text-align: right; flex-grow: 1;\">Ano<\/strong>\n    <\/div>\n<div style=\"flex-basis: 100%; display: flex; justify-content: space-between;\">\n        <span style=\"color: #999999;\">Po\u010det barev:<\/span><br \/>\n        <strong style=\"text-align: right; flex-grow: 1;\">11<\/strong>\n    <\/div>\n<\/div>","protected":false},"excerpt":{"rendered":"<ul>\n<li>Bluetooth\u00ae 4.0<\/li>\n<li>V\u00edce ne\u017e 6 hodin bezdr\u00e1tov\u00e9ho p\u0159ehr\u00e1v\u00e1n\u00ed s plnou bateri\u00ed<\/li>\n<li>Bezprobl\u00e9mov\u00e9 bezdr\u00e1tov\u00e9 p\u0159ipojen\u00ed<\/li>\n<li>Nab\u00edjen\u00ed p\u0159es micro USB<\/li>\n<li>P\u0159izp\u016fsoben\u00e9 pro optim\u00e1ln\u00ed pohodl\u00ed p\u0159i no\u0161en\u00ed<\/li>\n<li>Vhodn\u00e9 pro dlouhodob\u00e9 a ka\u017edodenn\u00ed pou\u017eit\u00ed<\/li>\n<\/ul>","protected":false},"featured_media":821,"comment_status":"open","ping_status":"closed","template":"","meta":[],"product_cat":[17],"product_tag":[],"class_list":{"0":"post-567","1":"product","2":"type-product","3":"status-publish","4":"has-post-thumbnail","6":"product_cat-zie-specificaties","7":"pa_color-black","8":"pa_color-blue","9":"pa_color-clear","10":"pa_color-green","11":"pa_color-orange","12":"pa_color-pink","13":"pa_color-purple","14":"pa_color-red","15":"pa_color-white","16":"pa_color-yellow","18":"first","19":"instock","20":"shipping-taxable","21":"product-type-simple"},"_links":{"self":[{"href":"https:\/\/earplugz.com\/cs\/wp-json\/wp\/v2\/product\/567","targetHints":{"allow":["GET"]}}],"collection":[{"href":"https:\/\/earplugz.com\/cs\/wp-json\/wp\/v2\/product"}],"about":[{"href":"https:\/\/earplugz.com\/cs\/wp-json\/wp\/v2\/types\/product"}],"replies":[{"embeddable":true,"href":"https:\/\/earplugz.com\/cs\/wp-json\/wp\/v2\/comments?post=567"}],"wp:featuredmedia":[{"embeddable":true,"href":"https:\/\/earplugz.com\/cs\/wp-json\/wp\/v2\/media\/821"}],"wp:attachment":[{"href":"https:\/\/earplugz.com\/cs\/wp-json\/wp\/v2\/media?parent=567"}],"wp:term":[{"taxonomy":"product_cat","embeddable":true,"href":"https:\/\/earplugz.com\/cs\/wp-json\/wp\/v2\/product_cat?post=567"},{"taxonomy":"product_tag","embeddable":true,"href":"https:\/\/earplugz.com\/cs\/wp-json\/wp\/v2\/product_tag?post=567"}],"curies":[{"name":"wp","href":"https:\/\/api.w.org\/{rel}","templated":true}]}}