{"id":565,"date":"2023-11-10T06:54:12","date_gmt":"2023-11-10T06:54:12","guid":{"rendered":"https:\/\/earplugz.com\/?post_type=product&#038;p=565"},"modified":"2023-11-21T15:34:25","modified_gmt":"2023-11-21T15:34:25","slug":"porto","status":"publish","type":"product","link":"https:\/\/earplugz.com\/cs\/product\/pristav\/","title":{"rendered":"Porto"},"content":{"rendered":"<div style=\"display: flex; flex-wrap: wrap;\">\n<div style=\"flex-basis: 100%; display: flex; justify-content: space-between;\">\n        <span style=\"color: #999999;\">Materi\u00e1l:<\/span><br \/>\n        <strong style=\"text-align: right; flex-grow: 1;\">Akryl nebo silikon<\/strong>\n    <\/div>\n<div style=\"flex-basis: 100%; display: flex; justify-content: space-between;\">\n        <span style=\"color: #999999;\">Antialergick\u00fd povlak:<\/span><br \/>\n        <strong style=\"text-align: right; flex-grow: 1;\">Ano<\/strong>\n    <\/div>\n<div style=\"flex-basis: 100%; display: flex; justify-content: space-between;\">\n        <span style=\"color: #999999;\">P\u0159ipojen\u00ed:<\/span><br \/>\n        <strong style=\"text-align: right; flex-grow: 1;\">Univerz\u00e1ln\u00ed<\/strong>\n    <\/div>\n<div style=\"flex-basis: 100%; display: flex; justify-content: space-between;\">\n        <span style=\"color: #999999;\">D\u00e9lka \u017eivota:<\/span><br \/>\n        <strong style=\"text-align: right; flex-grow: 1;\">P\u0159ibli\u017en\u011b 4-5 let<\/strong>\n    <\/div>\n<div style=\"flex-basis: 100%; display: flex; justify-content: space-between;\">\n        <span style=\"color: #999999;\">Rukoje\u0165:<\/span><br \/>\n        <strong style=\"text-align: right; flex-grow: 1;\">Voliteln\u011b<\/strong>\n    <\/div>\n<div style=\"flex-basis: 100%; display: flex; justify-content: space-between;\">\n        <span style=\"color: #999999;\">\u0160\u0148\u016frka s klipem:<\/span><br \/>\n        <strong style=\"text-align: right; flex-grow: 1;\">Voliteln\u011b<\/strong>\n    <\/div>\n<div style=\"flex-basis: 100%; display: flex; justify-content: space-between;\">\n        <span style=\"color: #999999;\">Po\u010det barev:<\/span><br \/>\n        <strong style=\"text-align: right; flex-grow: 1;\">10<\/strong>\n    <\/div>\n<\/div>","protected":false},"excerpt":{"rendered":"<ul>\n<li>Univerz\u00e1ln\u00ed p\u0159ipojiteln\u00fd komunika\u010dn\u00ed syst\u00e9m vys\u00edla\u010dek<\/li>\n<li>Okoln\u00ed hluk z\u016fst\u00e1v\u00e1 stejn\u00fd<\/li>\n<li>D\u00edky dut\u00e9mu tvaru se v uchu nehromad\u00ed teplo.<\/li>\n<li>P\u0159izp\u016fsoben\u00e9 pro optim\u00e1ln\u00ed pohodl\u00ed p\u0159i no\u0161en\u00ed<\/li>\n<li>Vhodn\u00e9 pro dlouhodob\u00e9 a ka\u017edodenn\u00ed pou\u017eit\u00ed<\/li>\n<li>Antialergick\u00fd povlak<\/li>\n<\/ul>","protected":false},"featured_media":784,"comment_status":"open","ping_status":"closed","template":"","meta":[],"product_cat":[17],"product_tag":[],"class_list":{"0":"post-565","1":"product","2":"type-product","3":"status-publish","4":"has-post-thumbnail","6":"product_cat-zie-specificaties","7":"pa_color-black","8":"pa_color-blue","9":"pa_color-clear","10":"pa_color-green","11":"pa_color-orange","12":"pa_color-pink","13":"pa_color-purple","14":"pa_color-red","15":"pa_color-white","16":"pa_color-yellow","18":"first","19":"instock","20":"shipping-taxable","21":"product-type-simple"},"_links":{"self":[{"href":"https:\/\/earplugz.com\/cs\/wp-json\/wp\/v2\/product\/565","targetHints":{"allow":["GET"]}}],"collection":[{"href":"https:\/\/earplugz.com\/cs\/wp-json\/wp\/v2\/product"}],"about":[{"href":"https:\/\/earplugz.com\/cs\/wp-json\/wp\/v2\/types\/product"}],"replies":[{"embeddable":true,"href":"https:\/\/earplugz.com\/cs\/wp-json\/wp\/v2\/comments?post=565"}],"wp:featuredmedia":[{"embeddable":true,"href":"https:\/\/earplugz.com\/cs\/wp-json\/wp\/v2\/media\/784"}],"wp:attachment":[{"href":"https:\/\/earplugz.com\/cs\/wp-json\/wp\/v2\/media?parent=565"}],"wp:term":[{"taxonomy":"product_cat","embeddable":true,"href":"https:\/\/earplugz.com\/cs\/wp-json\/wp\/v2\/product_cat?post=565"},{"taxonomy":"product_tag","embeddable":true,"href":"https:\/\/earplugz.com\/cs\/wp-json\/wp\/v2\/product_tag?post=565"}],"curies":[{"name":"wp","href":"https:\/\/api.w.org\/{rel}","templated":true}]}}