{"id":561,"date":"2023-11-10T06:49:13","date_gmt":"2023-11-10T06:49:13","guid":{"rendered":"https:\/\/earplugz.com\/?post_type=product&#038;p=561"},"modified":"2023-11-21T15:10:00","modified_gmt":"2023-11-21T15:10:00","slug":"dry-ears","status":"publish","type":"product","link":"https:\/\/earplugz.com\/cs\/product\/suche-usi\/","title":{"rendered":"Such\u00e9 u\u0161i"},"content":{"rendered":"<div style=\"display: flex; flex-wrap: wrap;\">\n<div style=\"flex-basis: 100%; display: flex; justify-content: space-between; margin-bottom: 5px;\"><span style=\"color: #999999; white-space: nowrap;\">Materi\u00e1l:<\/span><br \/>\n<strong style=\"text-align: right; flex-grow: 1;\">Plovouc\u00ed a neplovouc\u00ed silikon<\/strong><\/div>\n<div style=\"flex-basis: 100%; display: flex; justify-content: space-between; margin-bottom: 5px;\"><span style=\"color: #999999; white-space: nowrap;\">Filtr (tlumen\u00ed):<\/span><br \/>\n<strong style=\"text-align: right; flex-grow: 1;\">Speci\u00e1ln\u00ed filtr s \u00fatlumem pouze 5 dB<\/strong><\/div>\n<div style=\"flex-basis: 100%; display: flex; justify-content: space-between; margin-bottom: 5px;\"><span style=\"color: #999999; white-space: nowrap;\">D\u00e9lka \u017eivota:<\/span><br \/>\n<strong style=\"text-align: right; flex-grow: 1;\">P\u0159ibli\u017en\u011b 3-4 roky<\/strong><\/div>\n<div style=\"flex-basis: 100%; display: flex; justify-content: space-between; margin-bottom: 5px;\"><span style=\"color: #999999; white-space: nowrap;\">Rukoje\u0165:<\/span><br \/>\n<strong style=\"text-align: right; flex-grow: 1;\">Voliteln\u011b<\/strong><\/div>\n<div style=\"flex-basis: 100%; display: flex; justify-content: space-between; margin-bottom: 5px;\"><span style=\"color: #999999; white-space: nowrap;\">\u0160\u0148\u016frka s klipem:<\/span><br \/>\n<strong style=\"text-align: right; flex-grow: 1;\">Voliteln\u011b<\/strong><\/div>\n<div style=\"flex-basis: 100%; display: flex; justify-content: space-between; margin-bottom: 5px;\"><span style=\"color: #999999; white-space: nowrap;\">Lze sp\u00e1rovat s reproduktorem do u\u0161\u00ed:<\/span><br \/>\n<strong style=\"text-align: right; flex-grow: 1;\">Ne<\/strong><\/div>\n<div style=\"flex-basis: 100%; display: flex; justify-content: space-between; margin-bottom: 5px;\"><span style=\"color: #999999; white-space: nowrap;\">Po\u010det barev:<\/span><br \/>\n<strong style=\"text-align: right; flex-grow: 1;\">10<\/strong><\/div>\n<div style=\"flex-basis: 100%; display: flex; justify-content: space-between; margin-bottom: 5px;\"><span style=\"color: #999999; white-space: nowrap;\">Zjistiteln\u00e9:<\/span><br \/>\n<strong style=\"text-align: right; flex-grow: 1;\">Ne<\/strong><\/div>\n<\/div>","protected":false},"excerpt":{"rendered":"<ul>\n<li>Jedine\u010dn\u00fd super m\u011bkk\u00fd plovouc\u00ed materi\u00e1l<\/li>\n<li>Speci\u00e1ln\u00ed filtr s \u00fatlumem pouze 5 dB<\/li>\n<li>P\u0159izp\u016fsoben\u00e9 pro optim\u00e1ln\u00ed pohodl\u00ed p\u0159i no\u0161en\u00ed<\/li>\n<li>Voliteln\u011b: rukojeti + \u0161\u0148\u016fra a klip<\/li>\n<li>Vhodn\u00e9 pro dlouhodob\u00e9 a ka\u017edodenn\u00ed pou\u017eit\u00ed<\/li>\n<li>Antialergick\u00fd povlak<\/li>\n<\/ul>","protected":false},"featured_media":782,"comment_status":"open","ping_status":"closed","template":"","meta":[],"product_cat":[17],"product_tag":[],"class_list":{"0":"post-561","1":"product","2":"type-product","3":"status-publish","4":"has-post-thumbnail","6":"product_cat-zie-specificaties","7":"pa_color-blue","8":"pa_color-red","10":"first","11":"instock","12":"shipping-taxable","13":"product-type-simple"},"_links":{"self":[{"href":"https:\/\/earplugz.com\/cs\/wp-json\/wp\/v2\/product\/561","targetHints":{"allow":["GET"]}}],"collection":[{"href":"https:\/\/earplugz.com\/cs\/wp-json\/wp\/v2\/product"}],"about":[{"href":"https:\/\/earplugz.com\/cs\/wp-json\/wp\/v2\/types\/product"}],"replies":[{"embeddable":true,"href":"https:\/\/earplugz.com\/cs\/wp-json\/wp\/v2\/comments?post=561"}],"wp:featuredmedia":[{"embeddable":true,"href":"https:\/\/earplugz.com\/cs\/wp-json\/wp\/v2\/media\/782"}],"wp:attachment":[{"href":"https:\/\/earplugz.com\/cs\/wp-json\/wp\/v2\/media?parent=561"}],"wp:term":[{"taxonomy":"product_cat","embeddable":true,"href":"https:\/\/earplugz.com\/cs\/wp-json\/wp\/v2\/product_cat?post=561"},{"taxonomy":"product_tag","embeddable":true,"href":"https:\/\/earplugz.com\/cs\/wp-json\/wp\/v2\/product_tag?post=561"}],"curies":[{"name":"wp","href":"https:\/\/api.w.org\/{rel}","templated":true}]}}