{"id":732,"date":"2023-11-14T12:32:12","date_gmt":"2023-11-14T12:32:12","guid":{"rendered":"https:\/\/earplugz.com\/?page_id=732"},"modified":"2023-11-15T08:40:56","modified_gmt":"2023-11-15T08:40:56","slug":"aanmeting","status":"publish","type":"page","link":"https:\/\/earplugz.com\/cs\/kurzy\/montaz\/","title":{"rendered":"mont\u00e1\u017e"},"content":{"rendered":"<section class=\"bde-section-732-100 bde-section\">\n  \n\t\n\n\n\n<div class=\"section-container\"><div class=\"bde-columns-732-101 bde-columns\"><div class=\"bde-column-732-104 bde-column\">\n  \n\t\n\n\n\n<h1 class=\"bde-heading-732-109 bde-heading\">\nKurz grafiky pro otoplastiky: Teorie a praxe\n<\/h1>\n<\/div><\/div><\/div>\n<\/section><section class=\"bde-section-732-111 bde-section\">\n  \n\t\n\n\n\n<div class=\"section-container\"><div class=\"bde-columns-732-112 bde-columns\"><div class=\"bde-column-732-113 bde-column\">\n  \n\t\n\n\n\n<h6 class=\"bde-heading-732-114 bde-heading\">\no\n<\/h6><div class=\"bde-text-732-115 bde-text\">\nObjevte um\u011bn\u00ed tvorby otisk\u016f pro otoplastiku v na\u0161em komplexn\u00edm a interaktivn\u00edm kurzu. A\u0165 u\u017e jste zku\u0161en\u00fd audiolog, nebo s touto profes\u00ed teprve za\u010d\u00edn\u00e1te, tento kurz v\u00e1m poskytne cenn\u00e9 znalosti a praktick\u00e9 dovednosti pro zhotoven\u00ed vysoce kvalitn\u00edch otisk\u016f pro pom\u016fcky na ochranu sluchu.\n<\/div><div class=\"bde-columns-732-117 bde-columns\"><div class=\"bde-column-732-118 bde-column\">\n  \n\t\n\n\n\n<h1 class=\"bde-heading-732-116 bde-heading\">\nCo m\u016f\u017eete o\u010dek\u00e1vat?\n<\/h1>\n<\/div><\/div>\n<\/div><\/div><div class=\"bde-columns-732-120 bde-columns\"><div class=\"bde-column-732-121 bde-column\">\n  \n\t\n\n\n\n<div class=\"bde-image-box-732-124 bde-image-box\">\n<div class=\"ee-imagebox-image\">\n        \n  \n  \n  \n  \n      \n      <img loading=\"lazy\" decoding=\"async\"\n      class=\"breakdance-image-object\"\n      src=\"https:\/\/earplugz.com\/wp-content\/uploads\/2023\/11\/01-57-47.png\"\n      width=\"52\"\n      height=\"47\"\n      \n      \n                                      >\n  \n<\/div>\n<div class=\"ee-imagebox-content\">\n      <h3 class=\"ee-imagebox-title\" >Teoretick\u00e1 hloubka<\/h3>\n    \n      <div class=\"ee-imagebox-text\" >N\u00e1\u0161 kurz za\u010d\u00edn\u00e1 solidn\u00edm teoretick\u00fdm z\u00e1kladem. Zab\u00fdv\u00e1me se anatomi\u00ed ucha, materi\u00e1ly pro otisky a r\u016fzn\u00fdmi technikami, kter\u00e9 se p\u0159i tom pou\u017e\u00edvaj\u00ed.<\/div>\n    \n  <\/div>\n\n<\/div>\n<\/div><div class=\"bde-column-732-122 bde-column\">\n  \n\t\n\n\n\n<div class=\"bde-image-732-125 bde-image\">\n  \n\n\n\n\n\n<figure class=\"breakdance-image breakdance-image--748\">\n\t<div class=\"breakdance-image-container\">\n\t\t<div class=\"breakdance-image-clip\">\n\t\t\t\n\t\t\t\t\n\t\t\t\t\t      \n  \n  \n  \n  \n      \n      <img loading=\"lazy\" decoding=\"async\"\n      class=\"breakdance-image-object\"\n      src=\"https:\/\/earplugz.com\/wp-content\/uploads\/2023\/11\/img-1-1.png\"\n      width=\"890\"\n      height=\"350\"\n      \n      \n                                    srcset=\"https:\/\/earplugz.com\/wp-content\/uploads\/2023\/11\/img-1-1.png 890w, https:\/\/earplugz.com\/wp-content\/uploads\/2023\/11\/img-1-1-300x118.png 300w, https:\/\/earplugz.com\/wp-content\/uploads\/2023\/11\/img-1-1-768x302.png 768w, https:\/\/earplugz.com\/wp-content\/uploads\/2023\/11\/img-1-1-600x236.png 600w\"\n                                                                      >\n  \n\n\t\t\t\t\t\n\t\t\t\t\t\t<\/div>\n\t<\/div>\n\n\t<\/figure>\n\n<\/div>\n<\/div><\/div><div class=\"bde-columns-732-126 bde-columns\"><div class=\"bde-column-732-127 bde-column\">\n  \n\t\n\n\n\n<div class=\"bde-image-box-732-128 bde-image-box\">\n<div class=\"ee-imagebox-image\">\n        \n  \n  \n  \n  \n      \n      <img loading=\"lazy\" decoding=\"async\"\n      class=\"breakdance-image-object\"\n      src=\"https:\/\/earplugz.com\/wp-content\/uploads\/2023\/11\/02.png\"\n      width=\"72\"\n      height=\"48\"\n      \n      \n                                                                  >\n  \n<\/div>\n<div class=\"ee-imagebox-content\">\n      <h3 class=\"ee-imagebox-title\" >Praktick\u00e1 aplikace<\/h3>\n    \n      <div class=\"ee-imagebox-text\" >P\u0159ekra\u010dujeme v\u0161ak r\u00e1mec teorie. Na\u0161i zku\u0161en\u00ed instrukto\u0159i v\u00e1s provedou cel\u00fdm procesem zhotovov\u00e1n\u00ed otisk\u016f, od p\u0159\u00edpravy pacienta a\u017e po odlit\u00ed otisku. Praktick\u00e1 zku\u0161enost je nezbytn\u00e1 pro budov\u00e1n\u00ed va\u0161\u00ed sebed\u016fv\u011bry a dovednost\u00ed.<\/div>\n    \n  <\/div>\n\n<\/div>\n<\/div><div class=\"bde-column-732-129 bde-column\">\n  \n\t\n\n\n\n<div class=\"bde-image-732-130 bde-image\">\n  \n\n\n\n\n\n<figure class=\"breakdance-image breakdance-image--749\">\n\t<div class=\"breakdance-image-container\">\n\t\t<div class=\"breakdance-image-clip\">\n\t\t\t\n\t\t\t\t\n\t\t\t\t\t      \n  \n  \n  \n  \n      \n      <img loading=\"lazy\" decoding=\"async\"\n      class=\"breakdance-image-object\"\n      src=\"https:\/\/earplugz.com\/wp-content\/uploads\/2023\/11\/img-2-1.png\"\n      width=\"890\"\n      height=\"350\"\n      \n      \n                                    srcset=\"https:\/\/earplugz.com\/wp-content\/uploads\/2023\/11\/img-2-1.png 890w, https:\/\/earplugz.com\/wp-content\/uploads\/2023\/11\/img-2-1-300x118.png 300w, https:\/\/earplugz.com\/wp-content\/uploads\/2023\/11\/img-2-1-768x302.png 768w, https:\/\/earplugz.com\/wp-content\/uploads\/2023\/11\/img-2-1-600x236.png 600w\"\n                                                                      >\n  \n\n\t\t\t\t\t\n\t\t\t\t\t\t<\/div>\n\t<\/div>\n\n\t<\/figure>\n\n<\/div>\n<\/div><\/div><div class=\"bde-columns-732-131 bde-columns\"><div class=\"bde-column-732-132 bde-column\">\n  \n\t\n\n\n\n<div class=\"bde-image-box-732-133 bde-image-box\">\n<div class=\"ee-imagebox-image\">\n        \n  \n  \n  \n  \n      \n      <img loading=\"lazy\" decoding=\"async\"\n      class=\"breakdance-image-object\"\n      src=\"https:\/\/earplugz.com\/wp-content\/uploads\/2023\/11\/03.png\"\n      width=\"71\"\n      height=\"49\"\n      \n      \n                                                                  >\n  \n<\/div>\n<div class=\"ee-imagebox-content\">\n      <h3 class=\"ee-imagebox-title\" >Pokro\u010dil\u00e1 technologie<\/h3>\n    \n      <div class=\"ee-imagebox-text\" >Dr\u017e\u00edme krok s nejnov\u011bj\u0161\u00edmi technologiemi a materi\u00e1ly v oboru audiologie. Nau\u010dte se, jak efektivn\u011b pou\u017e\u00edvat modern\u00ed vybaven\u00ed, abyste zv\u00fd\u0161ili p\u0159esnost a preciznost sv\u00fdch otisk\u016f.<\/div>\n    \n  <\/div>\n\n<\/div>\n<\/div><div class=\"bde-column-732-134 bde-column\">\n  \n\t\n\n\n\n<div class=\"bde-image-732-135 bde-image\">\n  \n\n\n\n\n\n<figure class=\"breakdance-image breakdance-image--750\">\n\t<div class=\"breakdance-image-container\">\n\t\t<div class=\"breakdance-image-clip\">\n\t\t\t\n\t\t\t\t\n\t\t\t\t\t      \n  \n  \n  \n  \n      \n      <img loading=\"lazy\" decoding=\"async\"\n      class=\"breakdance-image-object\"\n      src=\"https:\/\/earplugz.com\/wp-content\/uploads\/2023\/11\/img-3-1.png\"\n      width=\"890\"\n      height=\"350\"\n      \n      \n                                    srcset=\"https:\/\/earplugz.com\/wp-content\/uploads\/2023\/11\/img-3-1.png 890w, https:\/\/earplugz.com\/wp-content\/uploads\/2023\/11\/img-3-1-300x118.png 300w, https:\/\/earplugz.com\/wp-content\/uploads\/2023\/11\/img-3-1-768x302.png 768w, https:\/\/earplugz.com\/wp-content\/uploads\/2023\/11\/img-3-1-600x236.png 600w\"\n                                                                      >\n  \n\n\t\t\t\t\t\n\t\t\t\t\t\t<\/div>\n\t<\/div>\n\n\t<\/figure>\n\n<\/div>\n<\/div><\/div><\/div>\n<\/section><section class=\"bde-section-732-136 bde-section\">\n  \n\t\n\n\n\n<div class=\"section-container\"><h1 class=\"bde-heading-732-146 bde-heading\">\nPro\u010d si vybrat n\u00e1\u0161 kurz?\n<\/h1><div class=\"bde-columns-732-137 bde-columns\"><div class=\"bde-column-732-138 bde-column\">\n  \n\t\n\n\n\n<div class=\"bde-image-box-732-139 bde-image-box\">\n<div class=\"ee-imagebox-image\">\n        \n  \n  \n  \n  \n      \n      <img loading=\"lazy\" decoding=\"async\"\n      class=\"breakdance-image-object\"\n      src=\"https:\/\/earplugz.com\/wp-content\/uploads\/2023\/11\/Group-1.png\"\n      width=\"60\"\n      height=\"60\"\n      \n      \n                                    srcset=\"https:\/\/earplugz.com\/wp-content\/uploads\/2023\/11\/Group-1.png 60w, https:\/\/earplugz.com\/wp-content\/uploads\/2023\/11\/Group-1-50x50.png 50w\"\n                                                                      >\n  \n<\/div>\n<div class=\"ee-imagebox-content\">\n      <h3 class=\"ee-imagebox-title\" >Odborn\u00ed instrukto\u0159i<\/h3>\n    \n      <div class=\"ee-imagebox-text\" >Na\u0161i instrukto\u0159i maj\u00ed dlouholet\u00e9 zku\u0161enosti v audiologii a r\u00e1di se s v\u00e1mi pod\u011bl\u00ed o sv\u00e9 znalosti.<\/div>\n    \n  <\/div>\n\n<\/div>\n<\/div><div class=\"bde-column-732-148 bde-column\">\n  \n\t\n\n\n\n<div class=\"bde-image-box-732-149 bde-image-box\">\n<div class=\"ee-imagebox-image\">\n        \n  \n  \n  \n  \n      \n      <img loading=\"lazy\" decoding=\"async\"\n      class=\"breakdance-image-object\"\n      src=\"https:\/\/earplugz.com\/wp-content\/uploads\/2023\/11\/icon-3.png\"\n      width=\"60\"\n      height=\"60\"\n      \n      \n                                    srcset=\"https:\/\/earplugz.com\/wp-content\/uploads\/2023\/11\/icon-3.png 60w, https:\/\/earplugz.com\/wp-content\/uploads\/2023\/11\/icon-3-50x50.png 50w\"\n                                                                      >\n  \n<\/div>\n<div class=\"ee-imagebox-content\">\n      <h3 class=\"ee-imagebox-title\" >Mal\u00e9 skupiny<\/h3>\n    \n      <div class=\"ee-imagebox-text\" >Na\u0161e t\u0159\u00eddy jsou mal\u00e9, tak\u017ee se v\u00e1m v\u011bnujeme osobn\u011b a m\u016f\u017eete se pt\u00e1t.<\/div>\n    \n  <\/div>\n\n<\/div>\n<\/div><div class=\"bde-column-732-151 bde-column\">\n  \n\t\n\n\n\n<div class=\"bde-image-box-732-152 bde-image-box\">\n<div class=\"ee-imagebox-image\">\n        \n  \n  \n  \n  \n      \n      <img loading=\"lazy\" decoding=\"async\"\n      class=\"breakdance-image-object\"\n      src=\"https:\/\/earplugz.com\/wp-content\/uploads\/2023\/11\/icon-1-1.png\"\n      width=\"60\"\n      height=\"60\"\n      \n      \n                                    srcset=\"https:\/\/earplugz.com\/wp-content\/uploads\/2023\/11\/icon-1-1.png 60w, https:\/\/earplugz.com\/wp-content\/uploads\/2023\/11\/icon-1-1-50x50.png 50w\"\n                                                                      >\n  \n<\/div>\n<div class=\"ee-imagebox-content\">\n      <h3 class=\"ee-imagebox-title\" >Certifikace<\/h3>\n    \n      <div class=\"ee-imagebox-text\" >Po \u00fasp\u011b\u0161n\u00e9m absolvov\u00e1n\u00ed kurzu obdr\u017e\u00edte certifik\u00e1t potvrzuj\u00edc\u00ed va\u0161e odborn\u00e9 znalosti v oblasti otisk\u016f pro otoplastiku.<\/div>\n    \n  <\/div>\n\n<\/div>\n<\/div><div class=\"bde-column-732-153 bde-column\">\n  \n\t\n\n\n\n<div class=\"bde-image-box-732-154 bde-image-box\">\n<div class=\"ee-imagebox-image\">\n        \n  \n  \n  \n  \n      \n      <img loading=\"lazy\" decoding=\"async\"\n      class=\"breakdance-image-object\"\n      src=\"https:\/\/earplugz.com\/wp-content\/uploads\/2023\/11\/icon-4.png\"\n      width=\"60\"\n      height=\"60\"\n      \n      \n                                    srcset=\"https:\/\/earplugz.com\/wp-content\/uploads\/2023\/11\/icon-4.png 60w, https:\/\/earplugz.com\/wp-content\/uploads\/2023\/11\/icon-4-50x50.png 50w\"\n                                                                      >\n  \n<\/div>\n<div class=\"ee-imagebox-content\">\n      <h3 class=\"ee-imagebox-title\" >Schopnosti s\u00edt\u011b<\/h3>\n    \n      <div class=\"ee-imagebox-text\" >B\u011bhem kurzu budete m\u00edt p\u0159\u00edle\u017eitost nav\u00e1zat kontakty s kolegy audiology a odborn\u00edky v oboru.<\/div>\n    \n  <\/div>\n\n<\/div>\n<\/div><\/div><\/div>\n<\/section><section class=\"bde-section-732-166 bde-section\">\n  \n\t\n\n\n\n<div class=\"section-container\"><h1 class=\"bde-heading-732-160 bde-heading\">\nZajist\u011bte sv\u00fdm pacient\u016fm ochranu sluchu a spokojenost s nejlep\u0161\u00edmi v\u00fdtisky v oboru.\n<\/h1><div class=\"bde-text-732-161 bde-text\">\nP\u0159ihlaste se na kurz Printmaking for Otoplastics <br>a posu\u0148te sv\u00e9 znalosti a dovednosti na vy\u0161\u0161\u00ed \u00farove\u0148. \n<\/div><div class=\"bde-columns-732-168 bde-columns\"><div class=\"bde-column-732-169 bde-column\">\n  \n\t\n\n\n\n<div class=\"bde-button-732-167 bde-button button-product-cont header-top-button\">\n    \n                                    \n    \n    \n    \n    \n            \n            <button type=\"button\" class=\"button-atom button-atom--custom bde-button__button\"  >\n    \n        <span class=\"button-atom__text\">Spojte se s n\u00e1mi<\/span>\n\n        \n        \n            <\/button>\n    \n\n\n<\/div>\n<\/div><\/div><\/div>\n<\/section><section class=\"bde-section-732-171 bde-section\">\n  \n\t\n\n\n\n<div class=\"section-container\"><div class=\"bde-columns-732-172 bde-columns\"><div class=\"bde-column-732-173 bde-column\">\n  \n\t\n\n\n\n<div class=\"bde-image-732-175 bde-image\">\n  \n\n\n\n\n\n<figure class=\"breakdance-image breakdance-image--764\">\n\t<div class=\"breakdance-image-container\">\n\t\t<div class=\"breakdance-image-clip\">\n\t\t\t\n\t\t\t\t\n\t\t\t\t\t      \n  \n  \n  \n  \n      \n      <img loading=\"lazy\" decoding=\"async\"\n      class=\"breakdance-image-object\"\n      src=\"https:\/\/earplugz.com\/wp-content\/uploads\/2023\/11\/1.png\"\n      width=\"435\"\n      height=\"400\"\n      \n      \n                                    srcset=\"https:\/\/earplugz.com\/wp-content\/uploads\/2023\/11\/1.png 435w, https:\/\/earplugz.com\/wp-content\/uploads\/2023\/11\/1-300x276.png 300w\"\n                                                                      >\n  \n\n\t\t\t\t\t\n\t\t\t\t\t\t<\/div>\n\t<\/div>\n\n\t<\/figure>\n\n<\/div>\n<\/div><div class=\"bde-column-732-176 bde-column\">\n  \n\t\n\n\n\n<div class=\"bde-image-732-177 bde-image\">\n  \n\n\n\n\n\n<figure class=\"breakdance-image breakdance-image--765\">\n\t<div class=\"breakdance-image-container\">\n\t\t<div class=\"breakdance-image-clip\">\n\t\t\t\n\t\t\t\t\n\t\t\t\t\t      \n  \n  \n  \n  \n      \n      <img loading=\"lazy\" decoding=\"async\"\n      class=\"breakdance-image-object\"\n      src=\"https:\/\/earplugz.com\/wp-content\/uploads\/2023\/11\/2.png\"\n      width=\"435\"\n      height=\"400\"\n      \n      \n                                    srcset=\"https:\/\/earplugz.com\/wp-content\/uploads\/2023\/11\/2.png 435w, https:\/\/earplugz.com\/wp-content\/uploads\/2023\/11\/2-300x276.png 300w\"\n                                                                      >\n  \n\n\t\t\t\t\t\n\t\t\t\t\t\t<\/div>\n\t<\/div>\n\n\t<\/figure>\n\n<\/div>\n<\/div><div class=\"bde-column-732-178 bde-column\">\n  \n\t\n\n\n\n<div class=\"bde-image-732-179 bde-image\">\n  \n\n\n\n\n\n<figure class=\"breakdance-image breakdance-image--766\">\n\t<div class=\"breakdance-image-container\">\n\t\t<div class=\"breakdance-image-clip\">\n\t\t\t\n\t\t\t\t\n\t\t\t\t\t      \n  \n  \n  \n  \n      \n      <img loading=\"lazy\" decoding=\"async\"\n      class=\"breakdance-image-object\"\n      src=\"https:\/\/earplugz.com\/wp-content\/uploads\/2023\/11\/3.png\"\n      width=\"435\"\n      height=\"400\"\n      \n      \n                                    srcset=\"https:\/\/earplugz.com\/wp-content\/uploads\/2023\/11\/3.png 435w, https:\/\/earplugz.com\/wp-content\/uploads\/2023\/11\/3-300x276.png 300w\"\n                                                                      >\n  \n\n\t\t\t\t\t\n\t\t\t\t\t\t<\/div>\n\t<\/div>\n\n\t<\/figure>\n\n<\/div>\n<\/div><div class=\"bde-column-732-180 bde-column\">\n  \n\t\n\n\n\n<div class=\"bde-image-732-181 bde-image\">\n  \n\n\n\n\n\n<figure class=\"breakdance-image breakdance-image--767\">\n\t<div class=\"breakdance-image-container\">\n\t\t<div class=\"breakdance-image-clip\">\n\t\t\t\n\t\t\t\t\n\t\t\t\t\t      \n  \n  \n  \n  \n      \n      <img loading=\"lazy\" decoding=\"async\"\n      class=\"breakdance-image-object\"\n      src=\"https:\/\/earplugz.com\/wp-content\/uploads\/2023\/11\/4.png\"\n      width=\"445\"\n      height=\"400\"\n      \n      \n                                    srcset=\"https:\/\/earplugz.com\/wp-content\/uploads\/2023\/11\/4.png 445w, https:\/\/earplugz.com\/wp-content\/uploads\/2023\/11\/4-300x270.png 300w\"\n                                                                      >\n  \n\n\t\t\t\t\t\n\t\t\t\t\t\t<\/div>\n\t<\/div>\n\n\t<\/figure>\n\n<\/div>\n<\/div><\/div><\/div>\n<\/section>","protected":false},"excerpt":{"rendered":"<p>Cursus Afdrukken Maken voor Otoplastieken: Theorie en Praktijk about Ontdek de kunst van afdrukken maken voor otoplastieken met onze uitgebreide en interactieve cursus. Of je nu een ervaren audioloog bent of net begint in het vak, deze cursus biedt waardevolle kennis en praktische vaardigheden om hoogwaardige afdrukken te produceren voor gehoorbeschermingsmiddelen. Wat kun je verwachten? [&hellip;]<\/p>","protected":false},"author":1,"featured_media":0,"parent":717,"menu_order":0,"comment_status":"closed","ping_status":"closed","template":"","meta":{"_breakdance_hide_in_design_set":false,"_breakdance_tags":"","footnotes":""},"class_list":["post-732","page","type-page","status-publish","hentry"],"_links":{"self":[{"href":"https:\/\/earplugz.com\/cs\/wp-json\/wp\/v2\/pages\/732","targetHints":{"allow":["GET"]}}],"collection":[{"href":"https:\/\/earplugz.com\/cs\/wp-json\/wp\/v2\/pages"}],"about":[{"href":"https:\/\/earplugz.com\/cs\/wp-json\/wp\/v2\/types\/page"}],"author":[{"embeddable":true,"href":"https:\/\/earplugz.com\/cs\/wp-json\/wp\/v2\/users\/1"}],"replies":[{"embeddable":true,"href":"https:\/\/earplugz.com\/cs\/wp-json\/wp\/v2\/comments?post=732"}],"version-history":[{"count":19,"href":"https:\/\/earplugz.com\/cs\/wp-json\/wp\/v2\/pages\/732\/revisions"}],"predecessor-version":[{"id":803,"href":"https:\/\/earplugz.com\/cs\/wp-json\/wp\/v2\/pages\/732\/revisions\/803"}],"up":[{"embeddable":true,"href":"https:\/\/earplugz.com\/cs\/wp-json\/wp\/v2\/pages\/717"}],"wp:attachment":[{"href":"https:\/\/earplugz.com\/cs\/wp-json\/wp\/v2\/media?parent=732"}],"curies":[{"name":"wp","href":"https:\/\/api.w.org\/{rel}","templated":true}]}}