{"id":1190,"date":"2023-12-20T09:48:02","date_gmt":"2023-12-20T09:48:02","guid":{"rendered":"https:\/\/earplugz.com\/?page_id=1190"},"modified":"2024-09-17T07:33:59","modified_gmt":"2024-09-17T07:33:59","slug":"proces","status":"publish","type":"page","link":"https:\/\/earplugz.com\/cs\/proces\/","title":{"rendered":"Proces"},"content":{"rendered":"<section class=\"bde-section-1190-100 bde-section\">\n  \n\t\n\n\n\n<div class=\"section-container\"><div class=\"bde-columns-1190-101 bde-columns\"><div class=\"bde-column-1190-103 bde-column pulz\">\n  \n\t\n\n\n\n<h1 class=\"bde-heading-1190-107 bde-heading reseller\">\nprodejce z\u00e1suvek do u\u0161\u00ed\n<\/h1><h3 class=\"bde-heading-1190-108 bde-heading infoo\">\ninfo@earplugz.com\n<\/h3><p class=\"bde-text-1190-109 bde-text actief\">\nAktivn\u00ed v cel\u00e9 Evrop\u011b\n<\/p><a class=\"bde-text-link-1190-110 bde-text-link zelf breakdance-link\" href=\"telno: 31 85 06\" target=\"_self\" data-type=\"url\">\n  +31(0) 85 06 000 12\n\n<\/a>\n<\/div><\/div><\/div>\n<\/section><section class=\"bde-section-1190-111 bde-section\">\n  \n\t\n\n\n\n<div class=\"section-container\"><div class=\"bde-columns-1190-112 bde-columns neemt1\"><div class=\"bde-column-1190-113 bde-column neemt\">\n  \n\t\n\n\n\n<div class=\"bde-button-1190-115 bde-button\">\n    \n                                    \n    \n    \n    \n    \n            \n            <button type=\"button\" class=\"button-atom button-atom--custom bde-button__button\"  >\n    \n        <span class=\"button-atom__text\">krok 1<\/span>\n\n        \n        \n            <\/button>\n    \n\n\n<\/div>\n<\/div><div class=\"bde-column-1190-114 bde-column indruk\">\n  \n\t\n\n\n\n<h1 class=\"bde-heading-1190-117 bde-heading\">\n\n<\/h1><h1 class=\"bde-heading-1190-118 bde-heading prdct\">\nOtisk ucha\n<\/h1><div class=\"bde-text-1190-119 bde-text order\">\nVa\u0161e spole\u010dnost nez\u00e1visle nakupuje v\u00fdtisky od sv\u00fdch z\u00e1kazn\u00edk\u016f. Objedn\u00e1vka se zad\u00e1v\u00e1 na online objedn\u00e1vkov\u00e9m port\u00e1lu Earplugz nebo m\u016f\u017eete pou\u017e\u00edt na\u0161e objedn\u00e1vkov\u00e9 formul\u00e1\u0159e. \n<\/div><div class=\"bde-image-1190-120 bde-image\">\n  \n\n\n\n\n\n<figure class=\"breakdance-image breakdance-image--1202\">\n\t<div class=\"breakdance-image-container\">\n\t\t<div class=\"breakdance-image-clip\">\n\t\t\t\n\t\t\t\t\n\t\t\t\t\t      \n  \n  \n  \n  \n      \n      <img loading=\"lazy\" decoding=\"async\"\n      class=\"breakdance-image-object\"\n      src=\"https:\/\/earplugz.com\/wp-content\/uploads\/2024\/01\/earpulz-435-235.png\"\n      width=\"435\"\n      height=\"235\"\n      \n      \n                                      >\n  \n\n\t\t\t\t\t\n\t\t\t\t\t\t<\/div>\n\t<\/div>\n\n\t<\/figure>\n\n<\/div>\n<\/div><\/div><\/div>\n<\/section><section class=\"bde-section-1190-180 bde-section\">\n  \n\t\n\n\n\n<div class=\"section-container\"><div class=\"bde-columns-1190-130 bde-columns post\"><div class=\"bde-column-1190-131 bde-column verstud\">\n  \n\t\n\n\n\n<h1 class=\"bde-heading-1190-133 bde-heading prdct\">\nDoprava\n<\/h1><div class=\"bde-text-1190-134 bde-text order\">\nV\u00fdtisky budou zasl\u00e1ny po\u0161tou na adresu<br> Zaslan\u00e9 nebo na n\u00e1\u0161 server nahran\u00e9 \u0161punty do u\u0161\u00ed pomoc\u00ed 3D skeneru\n<\/div><div class=\"bde-image-1190-135 bde-image\">\n  \n\n\n\n\n\n<figure class=\"breakdance-image breakdance-image--1593\">\n\t<div class=\"breakdance-image-container\">\n\t\t<div class=\"breakdance-image-clip\">\n\t\t\t\n\t\t\t\t\n\t\t\t\t\t      \n  \n  \n  \n  \n      \n      <img loading=\"lazy\" decoding=\"async\"\n      class=\"breakdance-image-object\"\n      src=\"https:\/\/earplugz.com\/wp-content\/uploads\/2024\/01\/scan-earplug-modified.png\"\n      width=\"717\"\n      height=\"471\"\n      \n      \n                                    srcset=\"https:\/\/earplugz.com\/wp-content\/uploads\/2024\/01\/scan-earplug-modified.png 717w, https:\/\/earplugz.com\/wp-content\/uploads\/2024\/01\/scan-earplug-modified-300x197.png 300w, https:\/\/earplugz.com\/wp-content\/uploads\/2024\/01\/scan-earplug-modified-18x12.png 18w, https:\/\/earplugz.com\/wp-content\/uploads\/2024\/01\/scan-earplug-modified-600x394.png 600w\"\n                                                                      >\n  \n\n\t\t\t\t\t\n\t\t\t\t\t\t<\/div>\n\t<\/div>\n\n\t<\/figure>\n\n<\/div>\n<\/div><div class=\"bde-column-1190-132 bde-column wordern\">\n  \n\t\n\n\n\n<div class=\"bde-button-1190-137 bde-button\">\n    \n                                    \n    \n    \n    \n    \n            \n            <button type=\"button\" class=\"button-atom button-atom--custom bde-button__button\"  >\n    \n        <span class=\"button-atom__text\">krok 2<\/span>\n\n        \n        \n            <\/button>\n    \n\n\n<\/div>\n<\/div><\/div><\/div>\n<\/section><section class=\"bde-section-1190-189 bde-section\">\n  \n\t\n\n\n\n<div class=\"section-container\"><div class=\"bde-columns-1190-228 bde-columns neemt1\"><div class=\"bde-column-1190-229 bde-column neemt\">\n  \n\t\n\n\n\n<div class=\"bde-button-1190-230 bde-button\">\n    \n                                    \n    \n    \n    \n    \n            \n            <button type=\"button\" class=\"button-atom button-atom--custom bde-button__button\"  >\n    \n        <span class=\"button-atom__text\">krok 3<\/span>\n\n        \n        \n            <\/button>\n    \n\n\n<\/div>\n<\/div><div class=\"bde-column-1190-231 bde-column indruk\">\n  \n\t\n\n\n\n<h1 class=\"bde-heading-1190-232 bde-heading\">\n\n<\/h1><h1 class=\"bde-heading-1190-237 bde-heading prdct\">\nV\u00fdroba\n<\/h1><div class=\"bde-text-1190-238 bde-text order\">\nPo obdr\u017een\u00ed otisk\u016f <br>objedn\u00e1vku p\u0159\u00edmo do v\u00fdroby. Tento proces je p\u0159\u00edli\u0161 <br>sledovat na port\u00e1lu Audinc.\n<\/div><div class=\"bde-image-1190-236 bde-image\">\n  \n\n\n\n\n\n<figure class=\"breakdance-image breakdance-image--1213\">\n\t<div class=\"breakdance-image-container\">\n\t\t<div class=\"breakdance-image-clip\">\n\t\t\t\n\t\t\t\t\n\t\t\t\t\t      \n  \n  \n  \n  \n      \n      <img loading=\"lazy\" decoding=\"async\"\n      class=\"breakdance-image-object\"\n      src=\"https:\/\/earplugz.com\/wp-content\/uploads\/2024\/01\/earpulz2-435-235.png\"\n      width=\"435\"\n      height=\"235\"\n      \n      \n                                      >\n  \n\n\t\t\t\t\t\n\t\t\t\t\t\t<\/div>\n\t<\/div>\n\n\t<\/figure>\n\n<\/div>\n<\/div><\/div><\/div>\n<\/section><section class=\"bde-section-1190-204 bde-section\">\n  \n\t\n\n\n\n<div class=\"section-container\"><div class=\"bde-columns-1190-219 bde-columns post\"><div class=\"bde-column-1190-220 bde-column verstud\">\n  \n\t\n\n\n\n<h1 class=\"bde-heading-1190-221 bde-heading prdct\">\nDod\u00e1vka\n<\/h1><div class=\"bde-text-1190-222 bde-text order\">\nV\u00fdrobky budou odesl\u00e1ny. Nyn\u00ed m\u016f\u017eete<br> dod\u00e1vat z\u00e1kazn\u00edk\u016fm.\n<\/div><div class=\"bde-image-1190-226 bde-image\">\n  \n\n\n\n\n\n<figure class=\"breakdance-image breakdance-image--1594\">\n\t<div class=\"breakdance-image-container\">\n\t\t<div class=\"breakdance-image-clip\">\n\t\t\t\n\t\t\t\t\n\t\t\t\t\t      \n  \n  \n  \n  \n      \n      <img loading=\"lazy\" decoding=\"async\"\n      class=\"breakdance-image-object\"\n      src=\"https:\/\/earplugz.com\/wp-content\/uploads\/2024\/01\/hard-modified.png\"\n      width=\"440\"\n      height=\"400\"\n      \n      \n                                    srcset=\"https:\/\/earplugz.com\/wp-content\/uploads\/2024\/01\/hard-modified.png 440w, https:\/\/earplugz.com\/wp-content\/uploads\/2024\/01\/hard-modified-300x273.png 300w, https:\/\/earplugz.com\/wp-content\/uploads\/2024\/01\/hard-modified-13x12.png 13w\"\n                                                                      >\n  \n\n\t\t\t\t\t\n\t\t\t\t\t\t<\/div>\n\t<\/div>\n\n\t<\/figure>\n\n<\/div>\n<\/div><div class=\"bde-column-1190-224 bde-column wordern\">\n  \n\t\n\n\n\n<div class=\"bde-button-1190-227 bde-button\">\n    \n                                    \n    \n    \n    \n    \n            \n            <button type=\"button\" class=\"button-atom button-atom--custom bde-button__button\"  >\n    \n        <span class=\"button-atom__text\">krok 4<\/span>\n\n        \n        \n            <\/button>\n    \n\n\n<\/div>\n<\/div><\/div><\/div>\n<\/section>","protected":false},"excerpt":{"rendered":"<p>earplugz reseller info@earplugz.com Aktivn\u00ed po cel\u00e9 Evrop\u011b +31(0) 85 06 000 12 krok 1 Earplugz print Va\u0161e spole\u010dnost nez\u00e1visle nakupuje v\u00fdtisky od sv\u00fdch z\u00e1kazn\u00edk\u016f. Objedn\u00e1vku zad\u00e1te na port\u00e1lu pro online objedn\u00e1vky Earplugz nebo m\u016f\u017eete pou\u017e\u00edt na\u0161e objedn\u00e1vkov\u00e9 formul\u00e1\u0159e. Doprava V\u00fdtisky se zas\u00edlaj\u00ed po\u0161tou spole\u010dnosti Earplugz nebo se nahr\u00e1vaj\u00ed na n\u00e1\u0161 server [...].<\/p>","protected":false},"author":1,"featured_media":0,"parent":0,"menu_order":0,"comment_status":"closed","ping_status":"closed","template":"","meta":{"_breakdance_hide_in_design_set":false,"_breakdance_tags":"","footnotes":""},"class_list":["post-1190","page","type-page","status-publish","hentry"],"_links":{"self":[{"href":"https:\/\/earplugz.com\/cs\/wp-json\/wp\/v2\/pages\/1190","targetHints":{"allow":["GET"]}}],"collection":[{"href":"https:\/\/earplugz.com\/cs\/wp-json\/wp\/v2\/pages"}],"about":[{"href":"https:\/\/earplugz.com\/cs\/wp-json\/wp\/v2\/types\/page"}],"author":[{"embeddable":true,"href":"https:\/\/earplugz.com\/cs\/wp-json\/wp\/v2\/users\/1"}],"replies":[{"embeddable":true,"href":"https:\/\/earplugz.com\/cs\/wp-json\/wp\/v2\/comments?post=1190"}],"version-history":[{"count":4,"href":"https:\/\/earplugz.com\/cs\/wp-json\/wp\/v2\/pages\/1190\/revisions"}],"predecessor-version":[{"id":1615,"href":"https:\/\/earplugz.com\/cs\/wp-json\/wp\/v2\/pages\/1190\/revisions\/1615"}],"wp:attachment":[{"href":"https:\/\/earplugz.com\/cs\/wp-json\/wp\/v2\/media?parent=1190"}],"curies":[{"name":"wp","href":"https:\/\/api.w.org\/{rel}","templated":true}]}}